{"id":11106,"date":"2024-06-27T12:48:01","date_gmt":"2024-06-27T10:48:01","guid":{"rendered":"https:\/\/zvks.sk\/?page_id=11106"},"modified":"2025-11-10T18:11:20","modified_gmt":"2025-11-10T17:11:20","slug":"knizne-katalogy","status":"publish","type":"page","link":"https:\/\/zvks.sk\/en\/knizne-katalogy\/","title":{"rendered":"Kni\u017en\u00e9 katal\u00f3gy"},"content":{"rendered":"<p>[et_pb_section fb_built=&#8220;1&#8243; _builder_version=&#8220;4.27.2&#8243; _module_preset=&#8220;default&#8220; background_color=&#8220;#f7f7f7&#8243; global_colors_info=&#8220;{}&#8220;][et_pb_row column_structure=&#8220;1_6,1_6,1_6,1_6,1_6,1_6&#8243; _builder_version=&#8220;4.25.2&#8243; _module_preset=&#8220;default&#8220; global_colors_info=&#8220;{}&#8220;][et_pb_column type=&#8220;1_6&#8243; _builder_version=&#8220;4.25.2&#8243; _module_preset=&#8220;default&#8220; global_colors_info=&#8220;{}&#8220;][et_pb_image src=&#8220;https:\/\/zvks.sk\/wp-content\/uploads\/2025\/11\/ZVKS-Kat-2025.jpeg&#8220; url=&#8220;https:\/\/zvks.sk\/wp-content\/uploads\/2025\/11\/r3-ZVKS-Kat-2025-2-64dpi.pdf&#8220; url_new_window=&#8220;on&#8220; _builder_version=&#8220;4.27.4&#8243; _module_preset=&#8220;default&#8220; hover_enabled=&#8220;0&#8243; box_shadow_style=&#8220;preset2&#8243; locked=&#8220;off&#8220; global_colors_info=&#8220;{}&#8220; sticky_enabled=&#8220;0&#8243;][\/et_pb_image][\/et_pb_column][et_pb_column type=&#8220;1_6&#8243; _builder_version=&#8220;4.25.2&#8243; _module_preset=&#8220;default&#8220; global_colors_info=&#8220;{}&#8220;][et_pb_image src=&#8220;https:\/\/zvks.sk\/wp-content\/uploads\/2025\/06\/ZVKS-Kat-2025-1.jpg&#8220; url=&#8220;https:\/\/zvks.sk\/wp-content\/uploads\/2025\/06\/ZVKS-Kat-2025-1-web2.pdf&#8220; url_new_window=&#8220;on&#8220; _builder_version=&#8220;4.27.4&#8243; _module_preset=&#8220;default&#8220; box_shadow_style=&#8220;preset2&#8243; locked=&#8220;off&#8220; global_colors_info=&#8220;{}&#8220;][\/et_pb_image][\/et_pb_column][et_pb_column type=&#8220;1_6&#8243; _builder_version=&#8220;4.25.2&#8243; _module_preset=&#8220;default&#8220; global_colors_info=&#8220;{}&#8220;][et_pb_image src=&#8220;https:\/\/zvks.sk\/wp-content\/uploads\/2024\/11\/ViaKatalog_.jpeg&#8220; url=&#8220;https:\/\/zvks.sk\/wp-content\/uploads\/2024\/11\/ViaKat.pdf&#8220; url_new_window=&#8220;on&#8220; _builder_version=&#8220;4.27.3&#8243; _module_preset=&#8220;default&#8220; box_shadow_style=&#8220;preset2&#8243; locked=&#8220;off&#8220; global_colors_info=&#8220;{}&#8220;][\/et_pb_image][\/et_pb_column][et_pb_column type=&#8220;1_6&#8243; _builder_version=&#8220;4.25.2&#8243; _module_preset=&#8220;default&#8220; global_colors_info=&#8220;{}&#8220;][et_pb_image src=&#8220;https:\/\/zvks.sk\/wp-content\/uploads\/2024\/06\/rKat-ZVKS-2024.jpeg&#8220; url=&#8220;https:\/\/zvks.sk\/wp-content\/uploads\/2024\/07\/ZVKS_katalog_2024.pdf&#8220; url_new_window=&#8220;on&#8220; _builder_version=&#8220;4.27.3&#8243; _module_preset=&#8220;default&#8220; box_shadow_style=&#8220;preset2&#8243; locked=&#8220;off&#8220; global_colors_info=&#8220;{}&#8220;][\/et_pb_image][\/et_pb_column][et_pb_column type=&#8220;1_6&#8243; _builder_version=&#8220;4.25.2&#8243; _module_preset=&#8220;default&#8220; global_colors_info=&#8220;{}&#8220;][et_pb_image src=&#8220;https:\/\/zvks.sk\/wp-content\/uploads\/2024\/06\/Kat-ZVKS-2023-02.jpeg&#8220; url=&#8220;https:\/\/zvks.sk\/wp-content\/uploads\/2024\/05\/Kat-ZVKS-2023-02-final.pdf&#8220; url_new_window=&#8220;on&#8220; _builder_version=&#8220;4.25.2&#8243; _module_preset=&#8220;default&#8220; box_shadow_style=&#8220;preset2&#8243; locked=&#8220;off&#8220; global_colors_info=&#8220;{}&#8220;][\/et_pb_image][\/et_pb_column][et_pb_column type=&#8220;1_6&#8243; _builder_version=&#8220;4.25.2&#8243; _module_preset=&#8220;default&#8220; global_colors_info=&#8220;{}&#8220;][et_pb_image src=&#8220;https:\/\/zvks.sk\/wp-content\/uploads\/2024\/06\/Kat-ZVKS-2023.jpeg&#8220; url=&#8220;https:\/\/zvks.sk\/wp-content\/uploads\/2024\/05\/Kat-ZVKS-2023-01-64dpi.pdf&#8220; url_new_window=&#8220;on&#8220; _builder_version=&#8220;4.25.2&#8243; _module_preset=&#8220;default&#8220; box_shadow_style=&#8220;preset2&#8243; locked=&#8220;off&#8220; global_colors_info=&#8220;{}&#8220;][\/et_pb_image][\/et_pb_column][\/et_pb_row][\/et_pb_section]<\/p>\n","protected":false},"excerpt":{"rendered":"","protected":false},"author":7,"featured_media":0,"parent":0,"menu_order":0,"comment_status":"closed","ping_status":"closed","template":"","meta":{"_et_pb_use_builder":"on","_et_pb_old_content":"","_et_gb_content_width":"","footnotes":""},"class_list":["post-11106","page","type-page","status-publish","hentry"],"_links":{"self":[{"href":"https:\/\/zvks.sk\/en\/wp-json\/wp\/v2\/pages\/11106","targetHints":{"allow":["GET"]}}],"collection":[{"href":"https:\/\/zvks.sk\/en\/wp-json\/wp\/v2\/pages"}],"about":[{"href":"https:\/\/zvks.sk\/en\/wp-json\/wp\/v2\/types\/page"}],"author":[{"embeddable":true,"href":"https:\/\/zvks.sk\/en\/wp-json\/wp\/v2\/users\/7"}],"replies":[{"embeddable":true,"href":"https:\/\/zvks.sk\/en\/wp-json\/wp\/v2\/comments?post=11106"}],"version-history":[{"count":24,"href":"https:\/\/zvks.sk\/en\/wp-json\/wp\/v2\/pages\/11106\/revisions"}],"predecessor-version":[{"id":13698,"href":"https:\/\/zvks.sk\/en\/wp-json\/wp\/v2\/pages\/11106\/revisions\/13698"}],"wp:attachment":[{"href":"https:\/\/zvks.sk\/en\/wp-json\/wp\/v2\/media?parent=11106"}],"curies":[{"name":"wp","href":"https:\/\/api.w.org\/{rel}","templated":true}]}}