{"id":11894,"date":"2024-12-02T16:29:12","date_gmt":"2024-12-02T15:29:12","guid":{"rendered":"https:\/\/zvks.sk\/?page_id=11894"},"modified":"2025-07-29T22:10:05","modified_gmt":"2025-07-29T20:10:05","slug":"knizne-vystavy","status":"publish","type":"page","link":"https:\/\/zvks.sk\/en\/knizne-vystavy\/","title":{"rendered":"Kni\u017en\u00e9 v\u00fdstavy"},"content":{"rendered":"<p>[et_pb_section fb_built=&#8220;1&#8243; theme_builder_area=&#8220;post_content&#8220; _builder_version=&#8220;4.27.4&#8243; _module_preset=&#8220;default&#8220;][\/et_pb_section]<\/p>\n","protected":false},"excerpt":{"rendered":"","protected":false},"author":7,"featured_media":0,"parent":0,"menu_order":0,"comment_status":"closed","ping_status":"closed","template":"","meta":{"_et_pb_use_builder":"on","_et_pb_old_content":"","_et_gb_content_width":"","footnotes":""},"class_list":["post-11894","page","type-page","status-publish","hentry"],"_links":{"self":[{"href":"https:\/\/zvks.sk\/en\/wp-json\/wp\/v2\/pages\/11894","targetHints":{"allow":["GET"]}}],"collection":[{"href":"https:\/\/zvks.sk\/en\/wp-json\/wp\/v2\/pages"}],"about":[{"href":"https:\/\/zvks.sk\/en\/wp-json\/wp\/v2\/types\/page"}],"author":[{"embeddable":true,"href":"https:\/\/zvks.sk\/en\/wp-json\/wp\/v2\/users\/7"}],"replies":[{"embeddable":true,"href":"https:\/\/zvks.sk\/en\/wp-json\/wp\/v2\/comments?post=11894"}],"version-history":[{"count":2,"href":"https:\/\/zvks.sk\/en\/wp-json\/wp\/v2\/pages\/11894\/revisions"}],"predecessor-version":[{"id":12789,"href":"https:\/\/zvks.sk\/en\/wp-json\/wp\/v2\/pages\/11894\/revisions\/12789"}],"wp:attachment":[{"href":"https:\/\/zvks.sk\/en\/wp-json\/wp\/v2\/media?parent=11894"}],"curies":[{"name":"wp","href":"https:\/\/api.w.org\/{rel}","templated":true}]}}