{"id":12888,"date":"2025-07-30T18:44:29","date_gmt":"2025-07-30T16:44:29","guid":{"rendered":"https:\/\/zvks.sk\/?page_id=12888"},"modified":"2026-02-03T12:15:16","modified_gmt":"2026-02-03T11:15:16","slug":"zdruzenie","status":"publish","type":"page","link":"https:\/\/zvks.sk\/en\/o_nas\/zvks\/zdruzenie\/","title":{"rendered":"Zdru\u017eenie"},"content":{"rendered":"<p>[et_pb_section fb_built=&#8220;1&#8243; admin_label=&#8220;section&#8220; _builder_version=&#8220;4.27.4&#8243; background_color=&#8220;#f7f7f7&#8243; global_colors_info=&#8220;{}&#8220;][et_pb_row admin_label=&#8220;row&#8220; _builder_version=&#8220;4.27.4&#8243; background_enable_color=&#8220;off&#8220; background_size=&#8220;initial&#8220; background_position=&#8220;top_left&#8220; background_repeat=&#8220;repeat&#8220; global_colors_info=&#8220;{}&#8220;][et_pb_column type=&#8220;4_4&#8243; _builder_version=&#8220;4.16&#8243; custom_padding=&#8220;|||&#8220; global_colors_info=&#8220;{}&#8220; custom_padding__hover=&#8220;|||&#8220;][et_pb_text admin_label=&#8220;Text&#8220; _builder_version=&#8220;4.27.5&#8243; background_size=&#8220;initial&#8220; background_position=&#8220;top_left&#8220; background_repeat=&#8220;repeat&#8220; hover_enabled=&#8220;0&#8243; global_colors_info=&#8220;{}&#8220; sticky_enabled=&#8220;0&#8243;]<\/p>\n<p style=\"text-align: left;\">Zdru\u017eenie vydavate\u013estiev a kn\u00edhkupectiev Slovenska (ZVKS) je samostatn\u00e1 dobrovo\u013en\u00e1 organiz\u00e1cia ktor\u00e1 zastupuje z\u00e1ujmy svojich \u010dlenov, ochra\u0148uje ich vydavate\u013esk\u00e9 a obchodn\u00e9 podnikanie, vykon\u00e1va poradensk\u00fa a informa\u010dn\u00fa \u010dinnos\u0165. ZVKS sa zameriava na rozvoj trad\u00edci\u00ed demokracie a humanity slovenskej kult\u00fary.<\/p>\n<p style=\"text-align: left;\">Zdru\u017eenie bolo zalo\u017een\u00e9 d\u0148a 27.6.1991, prv\u00fdm predsedom sa stal Peter Tvrdo\u0148, pokra\u010dovali Alex Aust, Michal Horeck\u00fd a Daniel Koll\u00e1r.<br \/>S\u00fa\u010dasn\u00fdm predsedom je Juraj Heger a podpredsedom Juraj V\u00e1vra.<\/p>\n<p style=\"text-align: left;\">ZVKS vzniklo ako prirodzen\u00fd z\u00e1ujem vydavate\u013eov a kn\u00edhkupcov pre zastre\u0161enie ich profesijn\u00fdch z\u00e1ujmov. Pre svojich \u010dlenov organizuje konferenciu, semin\u00e1re, podporuje \u00fa\u010das\u0165 svojich \u010dlenov na kni\u017en\u00fdch ve\u013etrhoch v Boloni, Frankfurte, Lond\u00fdne, Prahe a in\u00fdch. V s\u00fa\u010dasnosti zastre\u0161uje vy\u0161e 80 % kni\u017enej v\u00fdroby a zdru\u017euje viac ako 90 subjektov.<\/p>\n<p style=\"text-align: left;\">ZVKS m\u00e1 v\u00fdznamn\u00e9 miesto pri nadv\u00e4zovan\u00ed a udr\u017eiavan\u00ed kontaktov s pr\u00edbuzn\u00fdmi in\u0161tit\u00faciami doma ako aj v zahrani\u010d\u00ed, je \u010dlenom*<a href=\"https:\/\/www.fpu.sk\/sk\/\" target=\"_blank\" rel=\"noopener\"><img loading=\"lazy\" decoding=\"async\" class=\"alignright wp-image-14049\" src=\"https:\/\/zvks.sk\/wp-content\/uploads\/2026\/02\/fpu-logo_web_-300x135.png\" alt=\"\" width=\"200\" height=\"90\" \/><\/a><br \/>Feder\u00e1cie eur\u00f3pskych vydavate\u013eov a Eur\u00f3pskej a medzin\u00e1rodnej kn\u00edhkupeckej feder\u00e1cie, so s\u00eddlom v Bruseli.<\/p>\n<p style=\"text-align: left;\">*\u010dlenstvo v medzin\u00e1rodn\u00fdch organiz\u00e1ci\u00e1ch podporil z verejn\u00fdch zdrojov Fond na podporu umenia.<\/p>\n<p>[\/et_pb_text][\/et_pb_column][\/et_pb_row][\/et_pb_section]<\/p>\n","protected":false},"excerpt":{"rendered":"<p>Zdru\u017eenie vydavate\u013estiev a kn\u00edhkupectiev Slovenska (ZVKS) je samostatn\u00e1 dobrovo\u013en\u00e1 organiz\u00e1cia ktor\u00e1 zastupuje z\u00e1ujmy svojich \u010dlenov, ochra\u0148uje ich vydavate\u013esk\u00e9 a obchodn\u00e9 podnikanie, vykon\u00e1va poradensk\u00fa a informa\u010dn\u00fa \u010dinnos\u0165. ZVKS sa zameriava na rozvoj trad\u00edci\u00ed demokracie a humanity slovenskej kult\u00fary. Zdru\u017eenie bolo zalo\u017een\u00e9 d\u0148a 27.6.1991, prv\u00fdm predsedom sa stal Peter Tvrdo\u0148, pokra\u010dovali Alex Aust, Michal Horeck\u00fd a Daniel [&hellip;]<\/p>\n","protected":false},"author":7,"featured_media":0,"parent":13139,"menu_order":1,"comment_status":"closed","ping_status":"closed","template":"","meta":{"_et_pb_use_builder":"on","_et_pb_old_content":"<p style=\"text-align: left;\">Zdru\u017eenie vydavate\u013estiev a kn\u00edhkupectiev Slovenska (ZVKS) je samostatn\u00e1 dobrovo\u013en\u00e1 organiz\u00e1cia ktor\u00e1 zastupuje z\u00e1ujmy svojich \u010dlenov, ochra\u0148uje ich vydavate\u013esk\u00e9 a obchodn\u00e9 podnikanie, vykon\u00e1va poradensk\u00fa a informa\u010dn\u00fa \u010dinnos\u0165. ZVKS sa zameriava na rozvoj trad\u00edci\u00ed demokracie a humanity slovenskej kult\u00fary.<\/p><p style=\"text-align: left;\">Zdru\u017eenie bolo zalo\u017een\u00e9 d\u0148a 27.6.1991, prv\u00fdm predsedom sa stal Peter Tvrdo\u0148, pokra\u010dovali Alex Aust, Michal Horeck\u00fd a Daniel Koll\u00e1r.<br \/>S\u00fa\u010dasn\u00fdm predsedom je Juraj Heger a podpredsedom Juraj V\u00e1vra.<\/p><p style=\"text-align: left;\">ZVKS vzniklo ako prirodzen\u00fd z\u00e1ujem vydavate\u013eov a kn\u00edhkupcov pre zastre\u0161enie ich profesijn\u00fdch z\u00e1ujmov. Pre svojich \u010dlenov organizuje konferenciu, semin\u00e1re, podporuje \u00fa\u010das\u0165 svojich \u010dlenov na kni\u017en\u00fdch ve\u013etrhoch v Boloni, Frankfurte, Lond\u00fdne, Prahe a in\u00fdch. V s\u00fa\u010dasnosti zastre\u0161uje vy\u0161e 80 % kni\u017enej v\u00fdroby a zdru\u017euje viac ako 80 subjektov.<\/p><p style=\"text-align: left;\">ZVKS m\u00e1 v\u00fdznamn\u00e9 miesto pri nadv\u00e4zovan\u00ed a udr\u017eiavan\u00ed kontaktov s pr\u00edbuzn\u00fdmi in\u0161tit\u00faciami doma ako aj v zahrani\u010d\u00ed, je \u010dlenom*<img class=\"alignright wp-image-8181\" src=\"https:\/\/zvks.sk\/wp-content\/uploads\/2023\/02\/fpu_zvzp_-1-300x150-1.jpg\" alt=\"\" width=\"180\" height=\"90\" \/><br \/>Feder\u00e1cie eur\u00f3pskych vydavate\u013eov a Eur\u00f3pskej a medzin\u00e1rodnej kn\u00edhkupeckej feder\u00e1cie, so s\u00eddlom v Bruseli.<\/p><p style=\"text-align: left;\">*\u010dlenstvo v medzin\u00e1rodn\u00fdch organiz\u00e1ci\u00e1ch podporil z verejn\u00fdch zdrojov Fond na podporu umenia.<\/p>","_et_gb_content_width":"","footnotes":""},"class_list":["post-12888","page","type-page","status-publish","hentry"],"_links":{"self":[{"href":"https:\/\/zvks.sk\/en\/wp-json\/wp\/v2\/pages\/12888","targetHints":{"allow":["GET"]}}],"collection":[{"href":"https:\/\/zvks.sk\/en\/wp-json\/wp\/v2\/pages"}],"about":[{"href":"https:\/\/zvks.sk\/en\/wp-json\/wp\/v2\/types\/page"}],"author":[{"embeddable":true,"href":"https:\/\/zvks.sk\/en\/wp-json\/wp\/v2\/users\/7"}],"replies":[{"embeddable":true,"href":"https:\/\/zvks.sk\/en\/wp-json\/wp\/v2\/comments?post=12888"}],"version-history":[{"count":15,"href":"https:\/\/zvks.sk\/en\/wp-json\/wp\/v2\/pages\/12888\/revisions"}],"predecessor-version":[{"id":14073,"href":"https:\/\/zvks.sk\/en\/wp-json\/wp\/v2\/pages\/12888\/revisions\/14073"}],"up":[{"embeddable":true,"href":"https:\/\/zvks.sk\/en\/wp-json\/wp\/v2\/pages\/13139"}],"wp:attachment":[{"href":"https:\/\/zvks.sk\/en\/wp-json\/wp\/v2\/media?parent=12888"}],"curies":[{"name":"wp","href":"https:\/\/api.w.org\/{rel}","templated":true}]}}