{"id":13005,"date":"2025-08-11T20:37:03","date_gmt":"2025-08-11T18:37:03","guid":{"rendered":"https:\/\/zvks.sk\/?page_id=13005"},"modified":"2026-02-10T20:14:49","modified_gmt":"2026-02-10T19:14:49","slug":"zacnicitatsk","status":"publish","type":"page","link":"https:\/\/zvks.sk\/en\/zacnicitatsk\/","title":{"rendered":"ZA\u010cNI\u010c\u00cdTA\u0164.sk"},"content":{"rendered":"<p>[et_pb_section fb_built=&#8220;1&#8243; _builder_version=&#8220;4.27.5&#8243; _module_preset=&#8220;default&#8220; link_option_url=&#8220;https:\/\/www.zacnicitat.sk\/&#8220; link_option_url_new_window=&#8220;on&#8220; hover_enabled=&#8220;0&#8243; global_colors_info=&#8220;{}&#8220; sticky_enabled=&#8220;0&#8243;][et_pb_row _builder_version=&#8220;4.27.5&#8243; _module_preset=&#8220;default&#8220; link_option_url=&#8220;https:\/\/www.zacnicitat.sk\/&#8220; link_option_url_new_window=&#8220;on&#8220; global_colors_info=&#8220;{}&#8220;][et_pb_column type=&#8220;4_4&#8243; _builder_version=&#8220;4.27.5&#8243; _module_preset=&#8220;default&#8220; link_option_url_new_window=&#8220;on&#8220; global_colors_info=&#8220;{}&#8220;][et_pb_text _builder_version=&#8220;4.27.5&#8243; _module_preset=&#8220;default&#8220; link_option_url_new_window=&#8220;on&#8220; global_colors_info=&#8220;{}&#8220;][\/et_pb_text][\/et_pb_column][\/et_pb_row][\/et_pb_section]<\/p>\n","protected":false},"excerpt":{"rendered":"<p>[object Object]<\/p>\n","protected":false},"author":7,"featured_media":0,"parent":0,"menu_order":0,"comment_status":"closed","ping_status":"closed","template":"","meta":{"_et_pb_use_builder":"on","_et_pb_old_content":"","_et_gb_content_width":"","footnotes":""},"class_list":["post-13005","page","type-page","status-publish","hentry"],"_links":{"self":[{"href":"https:\/\/zvks.sk\/en\/wp-json\/wp\/v2\/pages\/13005","targetHints":{"allow":["GET"]}}],"collection":[{"href":"https:\/\/zvks.sk\/en\/wp-json\/wp\/v2\/pages"}],"about":[{"href":"https:\/\/zvks.sk\/en\/wp-json\/wp\/v2\/types\/page"}],"author":[{"embeddable":true,"href":"https:\/\/zvks.sk\/en\/wp-json\/wp\/v2\/users\/7"}],"replies":[{"embeddable":true,"href":"https:\/\/zvks.sk\/en\/wp-json\/wp\/v2\/comments?post=13005"}],"version-history":[{"count":20,"href":"https:\/\/zvks.sk\/en\/wp-json\/wp\/v2\/pages\/13005\/revisions"}],"predecessor-version":[{"id":14172,"href":"https:\/\/zvks.sk\/en\/wp-json\/wp\/v2\/pages\/13005\/revisions\/14172"}],"wp:attachment":[{"href":"https:\/\/zvks.sk\/en\/wp-json\/wp\/v2\/media?parent=13005"}],"curies":[{"name":"wp","href":"https:\/\/api.w.org\/{rel}","templated":true}]}}