{"id":13757,"date":"2025-12-05T12:22:57","date_gmt":"2025-12-05T11:22:57","guid":{"rendered":"https:\/\/zvks.sk\/?page_id=13757"},"modified":"2026-03-05T09:25:00","modified_gmt":"2026-03-05T08:25:00","slug":"platforma-vydavatelov-edukacnych-publikacii","status":"publish","type":"page","link":"https:\/\/zvks.sk\/en\/o_nas\/zvks\/platforma-vydavatelov-edukacnych-publikacii\/","title":{"rendered":"Platforma vydavate\u013eov eduka\u010dn\u00fdch publik\u00e1ci\u00ed"},"content":{"rendered":"<p>[et_pb_section fb_built=&#8220;1&#8243; _builder_version=&#8220;4.25.2&#8243; background_color=&#8220;#f7f7f7&#8243; global_colors_info=&#8220;{}&#8220;][et_pb_row custom_padding_last_edited=&#8220;on|desktop&#8220; _builder_version=&#8220;4.25.2&#8243; background_size=&#8220;initial&#8220; background_position=&#8220;top_left&#8220; background_repeat=&#8220;repeat&#8220; custom_padding_tablet=&#8220;20px||20px|&#8220; custom_padding_phone=&#8220;&#8220; global_colors_info=&#8220;{}&#8220;][et_pb_column type=&#8220;4_4&#8243; _builder_version=&#8220;4.16&#8243; custom_padding=&#8220;|||&#8220; global_colors_info=&#8220;{}&#8220; custom_padding__hover=&#8220;|||&#8220;][et_pb_text _builder_version=&#8220;4.27.6&#8243; text_font=&#8220;||||||||&#8220; background_layout=&#8220;dark&#8220; hover_enabled=&#8220;0&#8243; global_colors_info=&#8220;{}&#8220; sticky_enabled=&#8220;0&#8243;]<\/p>\n<h2><span style=\"color: #c10033;\">\u010clenovia<\/span><\/h2>\n<p><span style=\"color: #c10033;\"><strong>ZVKS<\/strong><br \/>Peter Ka\u010dm\u00e1r, <em>\u010dlen predsedn\u00edctva<\/em><br \/><\/span><\/p>\n<p><span style=\"color: #c10033;\"><strong>ABCedu, a.s.<\/strong><strong><br \/><\/strong>M\u00e1ria Ok\u00e1lov\u00e1<\/span><\/p>\n<p><span style=\"color: #c10033;\"><strong>AITEC, s.r.o.<\/strong><strong><br \/><\/strong>Miroslav Sedl\u00e1\u010dek<\/span><\/p>\n<p><span style=\"color: #c10033;\"><strong>Dr. JOSEF RAABE SLOVENSKO, s.r.o.<\/strong><\/span><br \/><span style=\"color: #c10033;\">Miroslava Bianchi Schrimpelov\u00e1<\/span><\/p>\n<p><span style=\"color: #c10033;\"><strong>EXPOL PEDAGOGIKA s.r.o.<\/strong><\/span><br \/><span style=\"color: #c10033;\">Miroslava Bianchi Schrimpelov\u00e1<\/span><\/p>\n<p><span style=\"color: #c10033;\"><strong>LIBERA TERRA, s.r.o.<\/strong><\/span><br \/><span style=\"color: #c10033;\">Peter Bero<\/span><\/p>\n<p><span style=\"color: #c10033;\"><strong>ORBIS PICTUS ISTROPOLITANA, spol. s. r. o.<\/strong><\/span><br \/><span style=\"color: #c10033;\">Stanislav Prokop<\/span><\/p>\n<p><span style=\"color: #c10033;\"><strong>PEDAGOGICK\u00c9 VYDAVATE\u013dSTVO DIDAKTIS, s.r.o.<\/strong><\/span><br \/><span style=\"color: #c10033;\">Veronika Tar\u00e1bkov\u00e1<\/span><\/p>\n<p><strong><span style=\"color: #c10033;\">SLOVENSK\u00c9 PEDAGOGICK\u00c9 NAKLADATE\u013dSTVO-MLAD\u00c9 LET\u00c1, s.r.o.<\/span><br \/><\/strong><span style=\"color: #c10033;\">Andrea T\u00f6r\u00f6kov\u00e1<\/span><\/p>\n<p><strong><span style=\"color: #c10033;\">STIEFEL EUROCART s.r.o.<\/span><br \/><\/strong><span style=\"color: #c10033;\">Katar\u00edna Betu\u0161ov\u00e1<\/span><\/p>\n<p><span style=\"color: #c10033;\"><strong>TAKTIK vydavate\u013estvo, s.r.o.<\/strong><\/span><br \/><span style=\"color: #c10033;\">Miroslav Tokar\u010d\u00edk<\/span><\/p>\n<p><span style=\"color: #c10033;\"><strong>VINTE s.r.o.<\/strong><\/span><br \/><span style=\"color: #c10033;\">Luk\u00e1\u0161 Zajac<\/span><\/p>\n<p>[\/et_pb_text][\/et_pb_column][\/et_pb_row][\/et_pb_section]<\/p>\n","protected":false},"excerpt":{"rendered":"<p>\u010clenovia ZVKSPeter Ka\u010dm\u00e1r, \u010dlen predsedn\u00edctva ABCedu, a.s.M\u00e1ria Ok\u00e1lov\u00e1 AITEC, s.r.o.Miroslav Sedl\u00e1\u010dek Dr. JOSEF RAABE SLOVENSKO, s.r.o.Miroslava Bianchi Schrimpelov\u00e1 EXPOL PEDAGOGIKA s.r.o.Miroslava Bianchi Schrimpelov\u00e1 LIBERA TERRA, s.r.o.Peter Bero ORBIS PICTUS ISTROPOLITANA, spol. s. r. o.Stanislav Prokop PEDAGOGICK\u00c9 VYDAVATE\u013dSTVO DIDAKTIS, s.r.o.Veronika Tar\u00e1bkov\u00e1 SLOVENSK\u00c9 PEDAGOGICK\u00c9 NAKLADATE\u013dSTVO-MLAD\u00c9 LET\u00c1, s.r.o.Andrea T\u00f6r\u00f6kov\u00e1 STIEFEL EUROCART s.r.o.Katar\u00edna Betu\u0161ov\u00e1 TAKTIK vydavate\u013estvo, s.r.o.Miroslav Tokar\u010d\u00edk VINTE [&hellip;]<\/p>\n","protected":false},"author":7,"featured_media":0,"parent":13139,"menu_order":3,"comment_status":"closed","ping_status":"closed","template":"","meta":{"_et_pb_use_builder":"on","_et_pb_old_content":"","_et_gb_content_width":"","footnotes":""},"class_list":["post-13757","page","type-page","status-publish","hentry"],"_links":{"self":[{"href":"https:\/\/zvks.sk\/en\/wp-json\/wp\/v2\/pages\/13757","targetHints":{"allow":["GET"]}}],"collection":[{"href":"https:\/\/zvks.sk\/en\/wp-json\/wp\/v2\/pages"}],"about":[{"href":"https:\/\/zvks.sk\/en\/wp-json\/wp\/v2\/types\/page"}],"author":[{"embeddable":true,"href":"https:\/\/zvks.sk\/en\/wp-json\/wp\/v2\/users\/7"}],"replies":[{"embeddable":true,"href":"https:\/\/zvks.sk\/en\/wp-json\/wp\/v2\/comments?post=13757"}],"version-history":[{"count":17,"href":"https:\/\/zvks.sk\/en\/wp-json\/wp\/v2\/pages\/13757\/revisions"}],"predecessor-version":[{"id":14275,"href":"https:\/\/zvks.sk\/en\/wp-json\/wp\/v2\/pages\/13757\/revisions\/14275"}],"up":[{"embeddable":true,"href":"https:\/\/zvks.sk\/en\/wp-json\/wp\/v2\/pages\/13139"}],"wp:attachment":[{"href":"https:\/\/zvks.sk\/en\/wp-json\/wp\/v2\/media?parent=13757"}],"curies":[{"name":"wp","href":"https:\/\/api.w.org\/{rel}","templated":true}]}}