{"id":14,"date":"2011-10-30T12:46:16","date_gmt":"2011-10-30T12:46:16","guid":{"rendered":"http:\/\/www.zvks.sk\/?page_id=14"},"modified":"2026-02-23T15:58:52","modified_gmt":"2026-02-23T14:58:52","slug":"kontakt","status":"publish","type":"page","link":"https:\/\/zvks.sk\/en\/kontakt\/","title":{"rendered":"Kontakty"},"content":{"rendered":"<p>[et_pb_section fb_built=&#8220;1&#8243; _builder_version=&#8220;4.25.2&#8243; background_color=&#8220;#f7f7f7&#8243; global_colors_info=&#8220;{}&#8220;][et_pb_row column_structure=&#8220;3_5,1_5,1_5&#8243; custom_padding_last_edited=&#8220;on|tablet&#8220; _builder_version=&#8220;4.25.2&#8243; custom_margin=&#8220;||||false|false&#8220; custom_padding_tablet=&#8220;20px||20px|&#8220; custom_padding_phone=&#8220;&#8220; border_radii=&#8220;off||||&#8220; global_colors_info=&#8220;{}&#8220;][et_pb_column type=&#8220;3_5&#8243; _builder_version=&#8220;4.16&#8243; custom_padding=&#8220;|||&#8220; global_colors_info=&#8220;{}&#8220; custom_padding__hover=&#8220;|||&#8220;][et_pb_text _builder_version=&#8220;4.27.4&#8243; background_layout=&#8220;dark&#8220; global_colors_info=&#8220;{}&#8220;]<\/p>\n<h3><span style=\"color: #c10033;\">Zdru\u017eenie vydavate\u013estiev a kn\u00edhkupectiev Slovenska<\/span><\/h3>\n<p><span style=\"color: #c10033;\">Bojnick\u00e1 10, POBox 70<\/span><br \/><span style=\"color: #c10033;\">830 00 Bratislava-Nov\u00e9 Mesto<\/span><br \/><span style=\"color: #c10033;\">I\u010cO 30842361<\/span><br \/><span style=\"color: #c10033;\">DI\u010c 2020800133<\/span><br \/><span style=\"color: #c10033;\">I\u010c DPH 2020800133<\/span><br \/><span style=\"color: #c10033;\">reg.\u010d. VVS\/1-900\/90-4026<\/span><br \/><span style=\"color: #c10033;\">IBAN SK13 0200 0000 0000 3053 2112<\/span><br \/><span style=\"color: #c10033;\">SWIFT SUBASKBX<\/span><\/p>\n<p>[\/et_pb_text][\/et_pb_column][et_pb_column type=&#8220;1_5&#8243; _builder_version=&#8220;4.16&#8243; custom_padding=&#8220;|||&#8220; global_colors_info=&#8220;{}&#8220; custom_padding__hover=&#8220;|||&#8220;][et_pb_text _builder_version=&#8220;4.27.5&#8243; background_layout=&#8220;dark&#8220; hover_enabled=&#8220;0&#8243; global_colors_info=&#8220;{}&#8220; sticky_enabled=&#8220;0&#8243;]<\/p>\n<h4><span style=\"color: #c10033;\">Predseda<\/span><\/h4>\n<p><span style=\"color: #c10033;\">Juraj Heger<\/span><br \/><span style=\"color: #c10033;\">info@zvks.sk<\/span><\/p>\n<h4><span style=\"color: #c10033;\">Podpredseda<\/span><\/h4>\n<p><span style=\"color: #c10033;\">Juraj V\u00e1vra<\/span><br \/><span style=\"color: #c10033;\">+421 918 610 764<\/span><\/p>\n<p>[\/et_pb_text][\/et_pb_column][et_pb_column type=&#8220;1_5&#8243; _builder_version=&#8220;4.16&#8243; custom_padding=&#8220;|||&#8220; global_colors_info=&#8220;{}&#8220; custom_padding__hover=&#8220;|||&#8220;][et_pb_text _builder_version=&#8220;4.27.5&#8243; custom_padding=&#8220;||0px|||&#8220; global_colors_info=&#8220;{}&#8220;]<\/p>\n<h4><span style=\"color: #c10033;\">Gener\u00e1lny sekret\u00e1r<\/span><\/h4>\n<p><span style=\"color: #c10033;\">Martin Gajdo\u0161<\/span><br \/><span style=\"color: #c10033;\"><a style=\"color: #c10033;\" href=\"sekretariat@zvks.sk\"> sekretariat@zvks.sk<\/a><\/span><br \/><span style=\"color: #c10033;\"> +421 949 895 698<\/span><\/p>\n<p><em><a href=\"https:\/\/zvks.sk\/wp-content\/uploads\/2025\/06\/cropped-logo_stredne.png\" target=\"_blank\" rel=\"noopener\">logo<\/a><\/em><\/p>\n<p>[\/et_pb_text][\/et_pb_column][\/et_pb_row][\/et_pb_section]<\/p>\n","protected":false},"excerpt":{"rendered":"<p>Zdru\u017eenie vydavate\u013estiev a kn\u00edhkupectiev Slovenska Bojnick\u00e1 10, POBox 70830 00 Bratislava-Nov\u00e9 MestoI\u010cO 30842361DI\u010c 2020800133I\u010c DPH 2020800133reg.\u010d. VVS\/1-900\/90-4026IBAN SK13 0200 0000 0000 3053 2112SWIFT SUBASKBXPredseda Juraj Hegerinfo@zvks.sk Podpredseda Juraj V\u00e1vra+421 918 610 764Gener\u00e1lny sekret\u00e1r Martin Gajdo\u0161 sekretariat@zvks.sk +421 949 895 698 logo<\/p>","protected":false},"author":1,"featured_media":0,"parent":0,"menu_order":6,"comment_status":"closed","ping_status":"closed","template":"","meta":{"_et_pb_use_builder":"on","_et_pb_old_content":"","_et_gb_content_width":"","footnotes":""},"class_list":["post-14","page","type-page","status-publish","hentry"],"_links":{"self":[{"href":"https:\/\/zvks.sk\/en\/wp-json\/wp\/v2\/pages\/14","targetHints":{"allow":["GET"]}}],"collection":[{"href":"https:\/\/zvks.sk\/en\/wp-json\/wp\/v2\/pages"}],"about":[{"href":"https:\/\/zvks.sk\/en\/wp-json\/wp\/v2\/types\/page"}],"author":[{"embeddable":true,"href":"https:\/\/zvks.sk\/en\/wp-json\/wp\/v2\/users\/1"}],"replies":[{"embeddable":true,"href":"https:\/\/zvks.sk\/en\/wp-json\/wp\/v2\/comments?post=14"}],"version-history":[{"count":41,"href":"https:\/\/zvks.sk\/en\/wp-json\/wp\/v2\/pages\/14\/revisions"}],"predecessor-version":[{"id":14251,"href":"https:\/\/zvks.sk\/en\/wp-json\/wp\/v2\/pages\/14\/revisions\/14251"}],"wp:attachment":[{"href":"https:\/\/zvks.sk\/en\/wp-json\/wp\/v2\/media?parent=14"}],"curies":[{"name":"wp","href":"https:\/\/api.w.org\/{rel}","templated":true}]}}