{"id":14422,"date":"2026-04-02T18:58:01","date_gmt":"2026-04-02T16:58:01","guid":{"rendered":"https:\/\/zvks.sk\/?page_id=14422"},"modified":"2026-04-13T10:40:02","modified_gmt":"2026-04-13T08:40:02","slug":"statut-podpory","status":"publish","type":"page","link":"https:\/\/zvks.sk\/en\/podporny-fond\/statut-podpory\/","title":{"rendered":"\u0160tat\u00fat podpory"},"content":{"rendered":"<p>[et_pb_section fb_built=&#8220;1&#8243; _builder_version=&#8220;4.27.6&#8243; _module_preset=&#8220;default&#8220; background_color=&#8220;#f7f7f7&#8243; hover_enabled=&#8220;0&#8243; global_colors_info=&#8220;{}&#8220; sticky_enabled=&#8220;0&#8243;][et_pb_row _builder_version=&#8220;4.27.6&#8243; _module_preset=&#8220;default&#8220; background_color=&#8220;#f7f7f7&#8243; global_colors_info=&#8220;{}&#8220;][et_pb_column type=&#8220;4_4&#8243; _builder_version=&#8220;4.27.6&#8243; _module_preset=&#8220;default&#8220; hover_enabled=&#8220;0&#8243; global_colors_info=&#8220;{}&#8220; sticky_enabled=&#8220;0&#8243;][et_pb_text _builder_version=&#8220;4.27.6&#8243; background_layout=&#8220;dark&#8220; hover_enabled=&#8220;0&#8243; locked=&#8220;off&#8220; global_colors_info=&#8220;{}&#8220; sticky_enabled=&#8220;0&#8243;]<\/p>\n<p style=\"text-align: center;\"><span style=\"color: #c10033;\">\u010cl\u00e1nok I.<\/span><br \/><em><span style=\"color: #c10033;\">\u00da\u010del podpory<\/span><\/em><\/p>\n<p><span style=\"color: #c10033;\">1. \u00da\u010delom finan\u010dnej podpory ZVKS je podpora \u017eiv\u00fdch liter\u00e1rnych podujat\u00ed zameran\u00fdch na p\u00f4vodn\u00fa slovensk\u00fa a prekladov\u00fa literat\u00faru, autorsk\u00e9 \u010d\u00edtania, diskusie, prezent\u00e1cie kni\u017en\u00fdch noviniek a liter\u00e1rne s\u00fa\u0165a\u017ee na \u00fazem\u00ed SR.<\/span><br \/><span style=\"color: #c10033;\">2. Cie\u013eom je posilnenie infra\u0161trukt\u00fary kni\u017en\u00e9ho trhu, podpora region\u00e1lnych kn\u00edhkupectiev s d\u00f4razom na \u010dlenov ZVKS.<\/span><\/p>\n<p style=\"text-align: center;\"><span style=\"color: #c10033;\">\u010cl\u00e1nok II.<\/span><br \/><em><span style=\"color: #c10033;\">Opr\u00e1vnen\u00ed \u017eiadatelia<\/span><\/em><\/p>\n<p style=\"text-align: left;\"><span style=\"color: #c10033;\">1. O podporu m\u00f4\u017ee po\u017eiada\u0165 v\u00fdhradne pr\u00e1vnick\u00e1 osoba (vydavate\u013estvo, kn\u00edhkupectvo, kni\u017enica, OZ a pod.) so s\u00eddlom v SR, ktor\u00e1 m\u00e1 pridelen\u00e9 I\u010cO a DI\u010c.<\/span><br \/><span style=\"color: #c10033;\">2. \u010clenstvo v ZVKS je pri hodnoten\u00ed v\u00fdhodou, nie v\u0161ak podmienkou.<\/span><\/p>\n<p style=\"text-align: center;\"><span style=\"color: #c10033;\">\u010cl\u00e1nok III.<\/span><br \/><em><span style=\"color: #c10033;\">Predkladanie \u017eiadost\u00ed a term\u00edny<\/span><\/em><\/p>\n<p style=\"text-align: left;\"><span style=\"color: #c10033;\">1. \u017diadosti sa pod\u00e1vaj\u00fa v\u00fdhradne elektronicky prostredn\u00edctvom formul\u00e1ra na webovom s\u00eddle ZVKS v term\u00ednoch ur\u010den\u00fdch vo v\u00fdzve.<\/span><br \/><span style=\"color: #c10033;\">2. V\u00fdzva sa spravidla vyhlasuje 2x ro\u010dne.<\/span><br \/><span style=\"color: #c10033;\">3. \u017diados\u0165 mus\u00ed by\u0165 podan\u00e1 a zmluva uzatvoren\u00e1 pred konan\u00edm podujatia. Sp\u00e4tn\u00e9 financovanie u\u017e zrealizovan\u00fdch podujat\u00ed nie je mo\u017en\u00e9.<\/span><\/p>\n<p style=\"text-align: center;\"><span style=\"color: #c10033;\">\u010cl\u00e1nok IV.<\/span><br \/><em><span style=\"color: #c10033;\">Opr\u00e1vnen\u00e9 n\u00e1klady a \u010derpanie<\/span><\/em><\/p>\n<p style=\"text-align: left;\"><span style=\"color: #c10033;\">1. Finan\u010dn\u00e9 prostriedky s\u00fa \u00fa\u010delovo viazan\u00e9 a m\u00f4\u017eu by\u0165 pou\u017eit\u00e9 na:<\/span><br \/><span style=\"color: #c10033;\">. honor\u00e1re pre pozvan\u00fdch autorov, autorky, prekladate\u013eov a prekladate\u013eky,<\/span><br \/><span style=\"color: #c10033;\">. honor\u00e1re pre moder\u00e1torov a moder\u00e1torky diskusi\u00ed,<\/span><br \/><span style=\"color: #c10033;\">. odmeny pre porotcov liter\u00e1rnych s\u00fa\u0165a\u017e\u00ed.<\/span><br \/><span style=\"color: #c10033;\">2. Maxim\u00e1lna v\u00fd\u0161ka podpory na jedn\u00e9ho \u017eiadate\u013ea v r\u00e1mci jednej v\u00fdzvy je limitovan\u00e1 aktu\u00e1lnym rozpo\u010dtom a rozhodnut\u00edm komisie.<\/span><\/p>\n<p style=\"text-align: center;\"><span style=\"color: #c10033;\">\u010cl\u00e1nok V.<\/span><br \/><em><span style=\"color: #c10033;\">Hodnotiaca komisia a rozhodovanie<\/span><\/em><\/p>\n<p style=\"text-align: left;\"><span style=\"color: #c10033;\">1. O pridelen\u00ed podpory rozhoduje odborn\u00e1 komisia. Zlo\u017eenie komisie schva\u013euje predsedn\u00edctvo ZVKS.<\/span><br \/><span style=\"color: #c10033;\">2. Komisia pri v\u00fdbere zoh\u013ead\u0148uje: region\u00e1lny dopad, kvalitu programu a pr\u00ednos pre \u010ditate\u013esk\u00fa obec, \u010dlenstvo v ZVKS.<\/span><br \/><span style=\"color: #c10033;\">3. Rozhodnutie komisie je kone\u010dn\u00e9 a bude \u017eiadate\u013eom ozn\u00e1men\u00e9 elektronicky.<\/span><\/p>\n<p style=\"text-align: center;\"><span style=\"color: #c10033;\">\u010cl\u00e1nok VI.<\/span><br \/><em><span style=\"color: #c10033;\">Zmluvn\u00e9 vz\u0165ahy a povinnosti pr\u00edjemcu<\/span><\/em><\/p>\n<p style=\"text-align: left;\"><span style=\"color: #c10033;\">1. \u00daspe\u0161n\u00fd \u017eiadate\u013e uzatv\u00e1ra so ZVKS Zmluvu o spolupr\u00e1ci.<\/span><br \/><span style=\"color: #c10033;\">2. Pr\u00edjemca je povinn\u00fd na podujat\u00ed a vo v\u0161etk\u00fdch v\u00fdstupoch (print, soci\u00e1lne siete, web) uvies\u0165 inform\u00e1ciu: \u201ePodujatie finan\u010dne podporilo Zdru\u017eenie vydavate\u013estiev a kn\u00edhkupectiev Slovenska\u201c spolu s logom ZVKS.<\/span><br \/><span style=\"color: #c10033;\">3. Po skon\u010den\u00ed podujatia predklad\u00e1 pr\u00edjemca jednoduch\u00e9 vy\u00fa\u010dtovanie a stru\u010dn\u00fa spr\u00e1vu o priebehu (fotodokument\u00e1cia, po\u010det n\u00e1v\u0161tevn\u00edkov).<\/span><\/p>\n<p style=\"text-align: right;\"><span style=\"color: #c10033;\">31. marec 2026<\/span><\/p>\n<p>[\/et_pb_text][\/et_pb_column][\/et_pb_row][\/et_pb_section]<\/p>\n","protected":false},"excerpt":{"rendered":"<p>\u010cl\u00e1nok I.\u00da\u010del podpory 1. \u00da\u010delom finan\u010dnej podpory ZVKS je podpora \u017eiv\u00fdch liter\u00e1rnych podujat\u00ed zameran\u00fdch na p\u00f4vodn\u00fa slovensk\u00fa a prekladov\u00fa literat\u00faru, autorsk\u00e9 \u010d\u00edtania, diskusie, prezent\u00e1cie kni\u017en\u00fdch noviniek a liter\u00e1rne s\u00fa\u0165a\u017ee na \u00fazem\u00ed SR.2. Cie\u013eom je posilnenie infra\u0161trukt\u00fary kni\u017en\u00e9ho trhu, podpora region\u00e1lnych kn\u00edhkupectiev s d\u00f4razom na \u010dlenov ZVKS. \u010cl\u00e1nok II.Opr\u00e1vnen\u00ed \u017eiadatelia 1. O podporu m\u00f4\u017ee po\u017eiada\u0165 v\u00fdhradne [&hellip;]<\/p>\n","protected":false},"author":7,"featured_media":0,"parent":14404,"menu_order":2,"comment_status":"closed","ping_status":"closed","template":"","meta":{"_et_pb_use_builder":"on","_et_pb_old_content":"","_et_gb_content_width":"","footnotes":""},"class_list":["post-14422","page","type-page","status-publish","hentry"],"_links":{"self":[{"href":"https:\/\/zvks.sk\/en\/wp-json\/wp\/v2\/pages\/14422","targetHints":{"allow":["GET"]}}],"collection":[{"href":"https:\/\/zvks.sk\/en\/wp-json\/wp\/v2\/pages"}],"about":[{"href":"https:\/\/zvks.sk\/en\/wp-json\/wp\/v2\/types\/page"}],"author":[{"embeddable":true,"href":"https:\/\/zvks.sk\/en\/wp-json\/wp\/v2\/users\/7"}],"replies":[{"embeddable":true,"href":"https:\/\/zvks.sk\/en\/wp-json\/wp\/v2\/comments?post=14422"}],"version-history":[{"count":9,"href":"https:\/\/zvks.sk\/en\/wp-json\/wp\/v2\/pages\/14422\/revisions"}],"predecessor-version":[{"id":14574,"href":"https:\/\/zvks.sk\/en\/wp-json\/wp\/v2\/pages\/14422\/revisions\/14574"}],"up":[{"embeddable":true,"href":"https:\/\/zvks.sk\/en\/wp-json\/wp\/v2\/pages\/14404"}],"wp:attachment":[{"href":"https:\/\/zvks.sk\/en\/wp-json\/wp\/v2\/media?parent=14422"}],"curies":[{"name":"wp","href":"https:\/\/api.w.org\/{rel}","templated":true}]}}