{"id":20,"date":"2017-10-10T10:45:19","date_gmt":"2017-10-10T10:45:19","guid":{"rendered":"http:\/\/www.zvks.sk\/?page_id=20"},"modified":"2025-08-18T22:15:34","modified_gmt":"2025-08-18T20:15:34","slug":"organy-zdruzenia","status":"publish","type":"page","link":"https:\/\/zvks.sk\/en\/o_nas\/zvks\/organy-zdruzenia\/","title":{"rendered":"Org\u00e1ny zdru\u017eenia"},"content":{"rendered":"<p>[et_pb_section fb_built=&#8220;1&#8243; _builder_version=&#8220;4.25.2&#8243; background_color=&#8220;#f7f7f7&#8243; global_colors_info=&#8220;{}&#8220;][et_pb_row column_structure=&#8220;1_3,1_3,1_3&#8243; custom_padding_last_edited=&#8220;on|desktop&#8220; _builder_version=&#8220;4.25.2&#8243; background_size=&#8220;initial&#8220; background_position=&#8220;top_left&#8220; background_repeat=&#8220;repeat&#8220; custom_padding_tablet=&#8220;20px||20px|&#8220; custom_padding_phone=&#8220;&#8220; global_colors_info=&#8220;{}&#8220;][et_pb_column type=&#8220;1_3&#8243; _builder_version=&#8220;4.16&#8243; custom_padding=&#8220;|||&#8220; global_colors_info=&#8220;{}&#8220; custom_padding__hover=&#8220;|||&#8220;][et_pb_text _builder_version=&#8220;4.27.0&#8243; text_font=&#8220;||||||||&#8220; background_layout=&#8220;dark&#8220; global_colors_info=&#8220;{}&#8220;]<\/p>\n<h2><span style=\"color: #c10033;\">Predsedn\u00edctvo<\/span><\/h2>\n<p><span style=\"color: #c10033;\"><strong><a style=\"color: #c10033;\" href=\"https:\/\/zvks.sk\/wp-content\/uploads\/2021\/05\/RPK_Heger.mp4\" target=\"_blank\" rel=\"noopener\">Juraj Heger<\/a><\/strong>, <em>predseda<\/em><\/span><br \/><span style=\"color: #c10033;\">Vydavate\u013estvo Slovart, s.r.o.<\/span><\/p>\n<p><span style=\"color: #c10033;\"><strong>Juraj V\u00e1vra<\/strong>, <em>podpredseda<br \/><\/em>Martinus, s.r.o.<\/span><\/p>\n<p><span style=\"color: #c10033;\"><strong>Peter Ka\u010dm\u00e1r<\/strong>, <em>\u010dlen<\/em><br \/>preskoly.sk, s.r.o.<\/span><\/p>\n<p><span style=\"color: #c10033;\"><strong>\u013dudmila Magurov\u00e1, <\/strong><em>\u010dlen<\/em><strong><br \/><\/strong>Panta Rhei, s.r.o.<\/span><\/p>\n<p><span style=\"color: #c10033;\"><strong>Albert Maren\u010din<\/strong>, <em>\u010dlen<\/em><\/span><br \/><span style=\"color: #c10033;\">Maren\u010din PT, spol. s r.o.<\/span><\/p>\n<p><span style=\"color: #c10033;\"><strong>Vladim\u00edr Michal<\/strong>, <em>\u010dlen<\/em><\/span><br \/><span style=\"color: #c10033;\">Artforum, s.r.o.<\/span><\/p>\n<p><span style=\"color: #c10033;\"><strong>Marek N\u00e9ma<\/strong>, <em>\u010dlen<\/em><\/span><br \/><span style=\"color: #c10033;\">Ikar, a.s.<br \/><\/span><\/p>\n<p><span style=\"color: #c10033;\"><strong>Zuzana Sabov\u00e1,<\/strong>\u00a0<em>\u010dlen<\/em><\/span><br \/><span style=\"color: #c10033;\">Kniha Myjava<\/span><\/p>\n<p><span style=\"color: #c10033;\"><strong>Krist\u00edna Stankovianska<\/strong>, <em>\u010dlen<br \/><\/em>Albatros Media Slovakia, s.r.o.<\/span><\/p>\n<p>[\/et_pb_text][\/et_pb_column][et_pb_column type=&#8220;1_3&#8243; _builder_version=&#8220;4.16&#8243; custom_padding=&#8220;|||&#8220; global_colors_info=&#8220;{}&#8220; custom_padding__hover=&#8220;|||&#8220;][et_pb_text _builder_version=&#8220;4.25.2&#8243; text_font=&#8220;||||||||&#8220; background_layout=&#8220;dark&#8220; global_colors_info=&#8220;{}&#8220;]<\/p>\n<h2><span style=\"color: #c10033;\">Rev\u00edzna komisia<\/span><\/h2>\n<p><span style=\"color: #c10033;\"><strong>Veronika Tar\u00e1bkov\u00e1<\/strong>, <em>predsedn\u00ed\u010dka<\/em><\/span><br \/><span style=\"color: #c10033;\"> Pedagogick\u00e9 vydavate\u013estvo Didaktis, s.r.o.<\/span><\/p>\n<p><span style=\"color: #c10033;\"><strong>Ivana Botty\u00e1nov\u00e1<\/strong>, <em>\u010dlen<\/em><\/span><br \/><span style=\"color: #c10033;\"> Vydavate\u013estvo Slovart, s.r.o.<\/span><\/p>\n<p>[\/et_pb_text][\/et_pb_column][et_pb_column type=&#8220;1_3&#8243; _builder_version=&#8220;4.16&#8243; custom_padding=&#8220;|||&#8220; global_colors_info=&#8220;{}&#8220; custom_padding__hover=&#8220;|||&#8220;][et_pb_text _builder_version=&#8220;4.25.2&#8243; text_font=&#8220;||||||||&#8220; background_layout=&#8220;dark&#8220; custom_padding=&#8220;||0px|||&#8220; global_colors_info=&#8220;{}&#8220;]<\/p>\n<h2><span style=\"color: #c10033;\">Gener\u00e1lny sekret\u00e1r<\/span><\/h2>\n<p><span style=\"color: #c10033;\"><strong>Martin Gajdo\u0161<\/strong><\/span><br \/><span style=\"color: #c10033;\"> ZVKS<\/span><\/p>\n<p>[\/et_pb_text][\/et_pb_column][\/et_pb_row][\/et_pb_section]<\/p>\n","protected":false},"excerpt":{"rendered":"<p>Predsedn\u00edctvo Juraj Heger, predsedaVydavate\u013estvo Slovart, s.r.o. Juraj V\u00e1vra, podpredsedaMartinus, s.r.o. Peter Ka\u010dm\u00e1r, \u010dlenpreskoly.sk, s.r.o. \u013dudmila Magurov\u00e1, \u010dlenPanta Rhei, s.r.o. Albert Maren\u010din, \u010dlenMaren\u010din PT, spol. s r.o. Vladim\u00edr Michal, \u010dlenArtforum, s.r.o. Marek N\u00e9ma, \u010dlenIkar, a.s. Zuzana Sabov\u00e1,\u00a0\u010dlenKniha Myjava Krist\u00edna Stankovianska, \u010dlenAlbatros Media Slovakia, s.r.o.Rev\u00edzna komisia Veronika Tar\u00e1bkov\u00e1, predsedn\u00ed\u010dka Pedagogick\u00e9 vydavate\u013estvo Didaktis, s.r.o. Ivana Botty\u00e1nov\u00e1, \u010dlen Vydavate\u013estvo [&hellip;]<\/p>\n","protected":false},"author":1,"featured_media":0,"parent":13139,"menu_order":2,"comment_status":"closed","ping_status":"closed","template":"","meta":{"_et_pb_use_builder":"on","_et_pb_old_content":"","_et_gb_content_width":"","footnotes":""},"class_list":["post-20","page","type-page","status-publish","hentry"],"_links":{"self":[{"href":"https:\/\/zvks.sk\/en\/wp-json\/wp\/v2\/pages\/20","targetHints":{"allow":["GET"]}}],"collection":[{"href":"https:\/\/zvks.sk\/en\/wp-json\/wp\/v2\/pages"}],"about":[{"href":"https:\/\/zvks.sk\/en\/wp-json\/wp\/v2\/types\/page"}],"author":[{"embeddable":true,"href":"https:\/\/zvks.sk\/en\/wp-json\/wp\/v2\/users\/1"}],"replies":[{"embeddable":true,"href":"https:\/\/zvks.sk\/en\/wp-json\/wp\/v2\/comments?post=20"}],"version-history":[{"count":44,"href":"https:\/\/zvks.sk\/en\/wp-json\/wp\/v2\/pages\/20\/revisions"}],"predecessor-version":[{"id":12894,"href":"https:\/\/zvks.sk\/en\/wp-json\/wp\/v2\/pages\/20\/revisions\/12894"}],"up":[{"embeddable":true,"href":"https:\/\/zvks.sk\/en\/wp-json\/wp\/v2\/pages\/13139"}],"wp:attachment":[{"href":"https:\/\/zvks.sk\/en\/wp-json\/wp\/v2\/media?parent=20"}],"curies":[{"name":"wp","href":"https:\/\/api.w.org\/{rel}","templated":true}]}}