{"id":2371,"date":"2018-03-28T15:24:55","date_gmt":"2018-03-28T13:24:55","guid":{"rendered":"https:\/\/zvks.sk\/?page_id=2371"},"modified":"2025-08-18T22:24:37","modified_gmt":"2025-08-18T20:24:37","slug":"tales-of-eukraine-2","status":"publish","type":"page","link":"https:\/\/zvks.sk\/en\/tales-of-eukraine-2\/","title":{"rendered":"Tales of EUkraine"},"content":{"rendered":"<p>[et_pb_section fb_built=&#8220;1&#8243; _builder_version=&#8220;4.25.2&#8243; background_enable_color=&#8220;off&#8220; global_colors_info=&#8220;{}&#8220;][\/et_pb_section]<\/p>\n","protected":false},"excerpt":{"rendered":"","protected":false},"author":1,"featured_media":0,"parent":0,"menu_order":0,"comment_status":"closed","ping_status":"closed","template":"","meta":{"_et_pb_use_builder":"on","_et_pb_old_content":"Zdru\u017eenie vydavate\u013eov a\u00a0kn\u00edhkupcov Slovenskej republiky (ZVKS) je samostatn\u00e1 dobrovo\u013en\u00e1 organiz\u00e1cia, ktor\u00e1 zastupuje z\u00e1ujmy svojich \u010dlenov, ochra\u0148uje ich vydavate\u013esk\u00e9 a\u00a0obchodn\u00e9 podnikanie a\u00a0star\u00e1 sa o\u00a0jeho v\u0161estrann\u00fd rozvoj. Z\u00e1rove\u0148 vykon\u00e1va poradensk\u00fa a\u00a0informa\u010dn\u00fa \u010dinnos\u0165. ZVKS sa zameriava na rozvoj trad\u00edci\u00ed demokracie a\u00a0humanity slovenskej kult\u00fary. M\u00e1 v\u00fdznamn\u00e9 miesto pri nadv\u00e4zovan\u00ed a\u00a0udr\u017eiavan\u00ed kontaktov s\u00a0pr\u00edbuzn\u00fdmi in\u0161tit\u00faciami doma a\u00a0v\u00a0zahrani\u010d\u00ed. Zdru\u017eenie bolo zalo\u017een\u00e9 kr\u00e1tko po vzniku Slovenskej republiky.\r\n\r\nJeho prv\u00fdm predsedom sa stal Dr. Alexius Aust. Vzniklo ako prirodzen\u00fd z\u00e1ujem vydavate\u013eov a kn\u00edhkupcov pre zastre\u0161enie ich profesijn\u00fdch z\u00e1ujmov. Pre svojich \u010dlenov organizuje r\u00f4zne podujatia: \u0161kolenia, profesijn\u00e9 z\u00e1jazdy na kni\u017en\u00e9 ve\u013etrhy (Frankfurt, Bologna, Lond\u00fdn,\u00a0Par\u00ed\u017e, Praha) a \u010fal\u0161ie spolo\u010densk\u00e9 podujatia.\u00a0Je spoluvydavate\u013eom odborn\u00e9ho \u010dasopisu Kni\u017en\u00e1 revue, spoluorganiz\u00e1torom medzin\u00e1rodnej kni\u017enej v\u00fdstavy Bibliot\u00e9ka a podporuje ude\u013eovanie r\u00f4znych kni\u017en\u00fdch cien. ZVKS zdru\u017euje\u00a0viac ako 80 subjektov. V s\u00fa\u010dasnosti zastre\u0161uje vy\u0161e osemdesiat percent kni\u017enej v\u00fdroby v Slovenskej republike.\r\n\r\nPredsedom zdru\u017eenia je Ing.\u00a0Juraj Heger a podpredsedom Ing.\u00a0Vladim\u00edr Michal.\r\n<p style=\"text-align: center;\">Prihl\u00e1\u0161ku nov\u00e9ho \u010dlena n\u00e1jdete tu: <a href=\"http:\/\/www.zvks.sk\/prihlaska\/\">http:\/\/www.zvks.sk\/prihlaska\/<\/a><\/p>","_et_gb_content_width":"","footnotes":""},"class_list":["post-2371","page","type-page","status-publish","hentry"],"_links":{"self":[{"href":"https:\/\/zvks.sk\/en\/wp-json\/wp\/v2\/pages\/2371","targetHints":{"allow":["GET"]}}],"collection":[{"href":"https:\/\/zvks.sk\/en\/wp-json\/wp\/v2\/pages"}],"about":[{"href":"https:\/\/zvks.sk\/en\/wp-json\/wp\/v2\/types\/page"}],"author":[{"embeddable":true,"href":"https:\/\/zvks.sk\/en\/wp-json\/wp\/v2\/users\/1"}],"replies":[{"embeddable":true,"href":"https:\/\/zvks.sk\/en\/wp-json\/wp\/v2\/comments?post=2371"}],"version-history":[{"count":17,"href":"https:\/\/zvks.sk\/en\/wp-json\/wp\/v2\/pages\/2371\/revisions"}],"predecessor-version":[{"id":13146,"href":"https:\/\/zvks.sk\/en\/wp-json\/wp\/v2\/pages\/2371\/revisions\/13146"}],"wp:attachment":[{"href":"https:\/\/zvks.sk\/en\/wp-json\/wp\/v2\/media?parent=2371"}],"curies":[{"name":"wp","href":"https:\/\/api.w.org\/{rel}","templated":true}]}}