{"id":47,"date":"2011-10-30T13:20:35","date_gmt":"2011-10-30T13:20:35","guid":{"rendered":"http:\/\/www.zvks.sk\/?page_id=47"},"modified":"2026-04-08T19:57:09","modified_gmt":"2026-04-08T17:57:09","slug":"prihlaska","status":"publish","type":"page","link":"https:\/\/zvks.sk\/en\/prihlaska\/","title":{"rendered":"Prihl\u00e1\u0161ka"},"content":{"rendered":"<p>[et_pb_section fb_built=&#8220;1&#8243; _builder_version=&#8220;4.20.4&#8243; background_color=&#8220;#f7f7f7&#8243; animation_style=&#8220;fade&#8220; global_colors_info=&#8220;{}&#8220;][et_pb_row custom_padding_last_edited=&#8220;on|tablet&#8220; _builder_version=&#8220;4.20.4&#8243; background_size=&#8220;initial&#8220; background_position=&#8220;top_left&#8220; background_repeat=&#8220;repeat&#8220; custom_padding_tablet=&#8220;20px||20px|&#8220; custom_padding_phone=&#8220;&#8220; global_colors_info=&#8220;{}&#8220;][et_pb_column type=&#8220;4_4&#8243; _builder_version=&#8220;4.20.4&#8243; background_color=&#8220;RGBA(255,255,255,0)&#8220; custom_padding=&#8220;|||&#8220; global_colors_info=&#8220;{}&#8220; custom_padding__hover=&#8220;|||&#8220;][et_pb_text _builder_version=&#8220;4.27.6&#8243; text_orientation=&#8220;justified&#8220; background_layout=&#8220;dark&#8220; hover_enabled=&#8220;0&#8243; border_color_all=&#8220;#000000&#8243; global_colors_info=&#8220;{}&#8220; sticky_enabled=&#8220;0&#8243; header_text_align=&#8220;left&#8220;]<\/p>\n<h5 style=\"text-align: center;\"><span style=\"color: #c10033;\"><strong>Prihlasujem sa\u00a0za riadneho \u010dlena<\/strong> Zdru\u017eenia vydavate\u013estiev a kn\u00edhkupectiev Slovenska<\/span><\/h5>\n\n<div class=\"wpcf7 no-js\" id=\"wpcf7-f1023-o1\" lang=\"sk-SK\" dir=\"ltr\" data-wpcf7-id=\"1023\">\n<div class=\"screen-reader-response\"><p role=\"status\" aria-live=\"polite\" aria-atomic=\"true\"><\/p> <ul><\/ul><\/div>\n<form action=\"\/en\/wp-json\/wp\/v2\/pages\/47#wpcf7-f1023-o1\" method=\"post\" class=\"wpcf7-form init cf7-style transparent-two-columns\" aria-label=\"Kontaktn\u00fd formul\u00e1r\" enctype=\"multipart\/form-data\" novalidate=\"novalidate\" data-status=\"init\">\n<fieldset class=\"hidden-fields-container\"><input type=\"hidden\" name=\"_wpcf7\" value=\"1023\" \/><input type=\"hidden\" name=\"_wpcf7_version\" value=\"6.1.5\" \/><input type=\"hidden\" name=\"_wpcf7_locale\" value=\"sk_SK\" \/><input type=\"hidden\" name=\"_wpcf7_unit_tag\" value=\"wpcf7-f1023-o1\" \/><input type=\"hidden\" name=\"_wpcf7_container_post\" value=\"0\" \/><input type=\"hidden\" name=\"_wpcf7_posted_data_hash\" value=\"\" \/><input type=\"hidden\" name=\"_wpcf7cf_hidden_group_fields\" value=\"[]\" \/><input type=\"hidden\" name=\"_wpcf7cf_hidden_groups\" value=\"[]\" \/><input type=\"hidden\" name=\"_wpcf7cf_visible_groups\" value=\"[]\" \/><input type=\"hidden\" name=\"_wpcf7cf_repeaters\" value=\"[]\" \/><input type=\"hidden\" name=\"_wpcf7cf_steps\" value=\"{}\" \/><input type=\"hidden\" name=\"_wpcf7cf_options\" value=\"{&quot;form_id&quot;:1023,&quot;conditions&quot;:[],&quot;settings&quot;:{&quot;animation&quot;:&quot;yes&quot;,&quot;animation_intime&quot;:200,&quot;animation_outtime&quot;:200,&quot;conditions_ui&quot;:&quot;normal&quot;,&quot;notice_dismissed&quot;:false,&quot;repeater_remove_button&quot;:&quot;bottom&quot;,&quot;notice_dismissed_rollback-cf7-5.3.2&quot;:true,&quot;notice_dismissed_rollback-cf7-5.4&quot;:true,&quot;notice_dismissed_rollback-cf7-5.8.2&quot;:true}}\" \/>\n<\/fieldset>\n<p>Meno \/ N\u00e1zov (povinn\u00e9)\n<\/p>\n<p><span class=\"wpcf7-form-control-wrap\" data-name=\"your-name\"><input size=\"40\" maxlength=\"400\" class=\"wpcf7-form-control wpcf7-text wpcf7-validates-as-required\" aria-required=\"true\" aria-invalid=\"false\" value=\"\" type=\"text\" name=\"your-name\" \/><\/span>\n<\/p>\n<p>Meno kontaktnej osoby (povinn\u00e9)\n<\/p>\n<p><span class=\"wpcf7-form-control-wrap\" data-name=\"text-29\"><input size=\"40\" maxlength=\"400\" class=\"wpcf7-form-control wpcf7-text wpcf7-validates-as-required\" aria-required=\"true\" aria-invalid=\"false\" value=\"\" type=\"text\" name=\"text-29\" \/><\/span>\n<\/p>\n<p>Mobil \/ Telef\u00f3n (povinn\u00e9)\n<\/p>\n<p><span class=\"wpcf7-form-control-wrap\" data-name=\"text-764\"><input size=\"40\" maxlength=\"400\" class=\"wpcf7-form-control wpcf7-text wpcf7-validates-as-required\" aria-required=\"true\" aria-invalid=\"false\" value=\"\" type=\"text\" name=\"text-764\" \/><\/span>\n<\/p>\n<p>E-mail (povinn\u00e9)\n<\/p>\n<p><span class=\"wpcf7-form-control-wrap\" data-name=\"your-email\"><input size=\"40\" maxlength=\"400\" class=\"wpcf7-form-control wpcf7-email wpcf7-validates-as-required wpcf7-text wpcf7-validates-as-email\" aria-required=\"true\" aria-invalid=\"false\" value=\"\" type=\"email\" name=\"your-email\" \/><\/span>\n<\/p>\n<p>Adresa (povinn\u00e9)\n<\/p>\n<p><span class=\"wpcf7-form-control-wrap\" data-name=\"textarea-431\"><textarea cols=\"70\" rows=\"2\" maxlength=\"2000\" class=\"wpcf7-form-control wpcf7-textarea wpcf7-validates-as-required\" aria-required=\"true\" aria-invalid=\"false\" name=\"textarea-431\"><\/textarea><\/span>\n<\/p>\n<p>I\u010cO\n<\/p>\n<p><span class=\"wpcf7-form-control-wrap\" data-name=\"text-910\"><input size=\"40\" maxlength=\"400\" class=\"wpcf7-form-control wpcf7-text\" aria-invalid=\"false\" value=\"\" type=\"text\" name=\"text-910\" \/><\/span>\n<\/p>\n<p>DI\u010c\n<\/p>\n<p><span class=\"wpcf7-form-control-wrap\" data-name=\"text-483\"><input size=\"40\" maxlength=\"400\" class=\"wpcf7-form-control wpcf7-text\" aria-invalid=\"false\" value=\"\" type=\"text\" name=\"text-483\" \/><\/span>\n<\/p>\n<p>Forma podnikania (sz\u010do, s.r.o., a.s., in\u00e9...):\n<\/p>\n<p><span class=\"wpcf7-form-control-wrap\" data-name=\"text-685\"><input size=\"40\" maxlength=\"400\" class=\"wpcf7-form-control wpcf7-text\" aria-invalid=\"false\" value=\"\" type=\"text\" name=\"text-685\" \/><\/span>\n<\/p>\n<p>IBAN\n<\/p>\n<p><span class=\"wpcf7-form-control-wrap\" data-name=\"text-289\"><input size=\"40\" maxlength=\"400\" class=\"wpcf7-form-control wpcf7-text\" aria-invalid=\"false\" value=\"\" type=\"text\" name=\"text-289\" \/><\/span>\n<\/p>\n<p>Inform\u00e1cie o firme (n\u00e1pl\u0148 pr\u00e1ce, \u010dinnos\u0165 - vydavate\u013e, kn\u00edhkupec, distrib\u00fator, in\u00e9...)\n<\/p>\n<p><span class=\"wpcf7-form-control-wrap\" data-name=\"textarea-243\"><textarea cols=\"70\" rows=\"12\" maxlength=\"2000\" class=\"wpcf7-form-control wpcf7-textarea\" aria-invalid=\"false\" name=\"textarea-243\"><\/textarea><\/span>\n<\/p>\n<p>Logo\n<\/p>\n<p><span class=\"wpcf7-form-control-wrap\" data-name=\"file-149\"><input size=\"40\" class=\"wpcf7-form-control wpcf7-file\" accept=\"audio\/*,video\/*,image\/*\" aria-invalid=\"false\" type=\"file\" name=\"file-149\" \/><\/span>\n<\/p>\n<p><input class=\"wpcf7-form-control wpcf7-submit has-spinner\" type=\"submit\" value=\"Odosla\u0165 prihl\u00e1\u0161ku\" \/>\n<\/p><p style=\"display: none !important;\" class=\"akismet-fields-container\" data-prefix=\"_wpcf7_ak_\"><label>&#916;<textarea name=\"_wpcf7_ak_hp_textarea\" cols=\"45\" rows=\"8\" maxlength=\"100\"><\/textarea><\/label><input type=\"hidden\" id=\"ak_js_1\" name=\"_wpcf7_ak_js\" value=\"135\"\/><script type=\"text\/javascript\">\n\/* <![CDATA[ *\/\ndocument.getElementById( \"ak_js_1\" ).setAttribute( \"value\", ( new Date() ).getTime() );\n\/* ]]> *\/\n<\/script>\n<\/p><div class=\"wpcf7-response-output\" aria-hidden=\"true\"><\/div>\n<\/form>\n<\/div>\n\n<p>[\/et_pb_text][\/et_pb_column][\/et_pb_row][\/et_pb_section]<\/p>\n","protected":false},"excerpt":{"rendered":"<p>Prihlasujem sa\u00a0za riadneho \u010dlena Zdru\u017eenia vydavate\u013estiev a kn\u00edhkupectiev Slovenska \n<div class=\"wpcf7 no-js\" id=\"wpcf7-f1023-o2\" lang=\"sk-SK\" dir=\"ltr\" data-wpcf7-id=\"1023\">\n<div class=\"screen-reader-response\"><p role=\"status\" aria-live=\"polite\" aria-atomic=\"true\"><\/p> <ul><\/ul><\/div>\n<form action=\"\/en\/wp-json\/wp\/v2\/pages\/47#wpcf7-f1023-o2\" method=\"post\" class=\"wpcf7-form init cf7-style transparent-two-columns\" aria-label=\"Kontaktn\u00fd formul\u00e1r\" enctype=\"multipart\/form-data\" novalidate=\"novalidate\" data-status=\"init\">\n<fieldset class=\"hidden-fields-container\"><input type=\"hidden\" name=\"_wpcf7\" value=\"1023\" \/><input type=\"hidden\" name=\"_wpcf7_version\" value=\"6.1.5\" \/><input type=\"hidden\" name=\"_wpcf7_locale\" value=\"sk_SK\" \/><input type=\"hidden\" name=\"_wpcf7_unit_tag\" value=\"wpcf7-f1023-o2\" \/><input type=\"hidden\" name=\"_wpcf7_container_post\" value=\"0\" \/><input type=\"hidden\" name=\"_wpcf7_posted_data_hash\" value=\"\" \/><input type=\"hidden\" name=\"_wpcf7cf_hidden_group_fields\" value=\"[]\" \/><input type=\"hidden\" name=\"_wpcf7cf_hidden_groups\" value=\"[]\" \/><input type=\"hidden\" name=\"_wpcf7cf_visible_groups\" value=\"[]\" \/><input type=\"hidden\" name=\"_wpcf7cf_repeaters\" value=\"[]\" \/><input type=\"hidden\" name=\"_wpcf7cf_steps\" value=\"{}\" \/><input type=\"hidden\" name=\"_wpcf7cf_options\" value=\"{&quot;form_id&quot;:1023,&quot;conditions&quot;:[],&quot;settings&quot;:{&quot;animation&quot;:&quot;yes&quot;,&quot;animation_intime&quot;:200,&quot;animation_outtime&quot;:200,&quot;conditions_ui&quot;:&quot;normal&quot;,&quot;notice_dismissed&quot;:false,&quot;repeater_remove_button&quot;:&quot;bottom&quot;,&quot;notice_dismissed_rollback-cf7-5.3.2&quot;:true,&quot;notice_dismissed_rollback-cf7-5.4&quot;:true,&quot;notice_dismissed_rollback-cf7-5.8.2&quot;:true}}\" \/>\n<\/fieldset>\n<p>Meno \/ N\u00e1zov (povinn\u00e9)\n<\/p>\n<p><span class=\"wpcf7-form-control-wrap\" data-name=\"your-name\"><input size=\"40\" maxlength=\"400\" class=\"wpcf7-form-control wpcf7-text wpcf7-validates-as-required\" aria-required=\"true\" aria-invalid=\"false\" value=\"\" type=\"text\" name=\"your-name\" \/><\/span>\n<\/p>\n<p>Meno kontaktnej osoby (povinn\u00e9)\n<\/p>\n<p><span class=\"wpcf7-form-control-wrap\" data-name=\"text-29\"><input size=\"40\" maxlength=\"400\" class=\"wpcf7-form-control wpcf7-text wpcf7-validates-as-required\" aria-required=\"true\" aria-invalid=\"false\" value=\"\" type=\"text\" name=\"text-29\" \/><\/span>\n<\/p>\n<p>Mobil \/ Telef\u00f3n (povinn\u00e9)\n<\/p>\n<p><span class=\"wpcf7-form-control-wrap\" data-name=\"text-764\"><input size=\"40\" maxlength=\"400\" class=\"wpcf7-form-control wpcf7-text wpcf7-validates-as-required\" aria-required=\"true\" aria-invalid=\"false\" value=\"\" type=\"text\" name=\"text-764\" \/><\/span>\n<\/p>\n<p>E-mail (povinn\u00e9)\n<\/p>\n<p><span class=\"wpcf7-form-control-wrap\" data-name=\"your-email\"><input size=\"40\" maxlength=\"400\" class=\"wpcf7-form-control wpcf7-email wpcf7-validates-as-required wpcf7-text wpcf7-validates-as-email\" aria-required=\"true\" aria-invalid=\"false\" value=\"\" type=\"email\" name=\"your-email\" \/><\/span>\n<\/p>\n<p>Adresa (povinn\u00e9)\n<\/p>\n<p><span class=\"wpcf7-form-control-wrap\" data-name=\"textarea-431\"><textarea cols=\"70\" rows=\"2\" maxlength=\"2000\" class=\"wpcf7-form-control wpcf7-textarea wpcf7-validates-as-required\" aria-required=\"true\" aria-invalid=\"false\" name=\"textarea-431\"><\/textarea><\/span>\n<\/p>\n<p>I\u010cO\n<\/p>\n<p><span class=\"wpcf7-form-control-wrap\" data-name=\"text-910\"><input size=\"40\" maxlength=\"400\" class=\"wpcf7-form-control wpcf7-text\" aria-invalid=\"false\" value=\"\" type=\"text\" name=\"text-910\" \/><\/span>\n<\/p>\n<p>DI\u010c\n<\/p>\n<p><span class=\"wpcf7-form-control-wrap\" data-name=\"text-483\"><input size=\"40\" maxlength=\"400\" class=\"wpcf7-form-control wpcf7-text\" aria-invalid=\"false\" value=\"\" type=\"text\" name=\"text-483\" \/><\/span>\n<\/p>\n<p>Forma podnikania (sz\u010do, s.r.o., a.s., in\u00e9...):\n<\/p>\n<p><span class=\"wpcf7-form-control-wrap\" data-name=\"text-685\"><input size=\"40\" maxlength=\"400\" class=\"wpcf7-form-control wpcf7-text\" aria-invalid=\"false\" value=\"\" type=\"text\" name=\"text-685\" \/><\/span>\n<\/p>\n<p>IBAN\n<\/p>\n<p><span class=\"wpcf7-form-control-wrap\" data-name=\"text-289\"><input size=\"40\" maxlength=\"400\" class=\"wpcf7-form-control wpcf7-text\" aria-invalid=\"false\" value=\"\" type=\"text\" name=\"text-289\" \/><\/span>\n<\/p>\n<p>Inform\u00e1cie o firme (n\u00e1pl\u0148 pr\u00e1ce, \u010dinnos\u0165 - vydavate\u013e, kn\u00edhkupec, distrib\u00fator, in\u00e9...)\n<\/p>\n<p><span class=\"wpcf7-form-control-wrap\" data-name=\"textarea-243\"><textarea cols=\"70\" rows=\"12\" maxlength=\"2000\" class=\"wpcf7-form-control wpcf7-textarea\" aria-invalid=\"false\" name=\"textarea-243\"><\/textarea><\/span>\n<\/p>\n<p>Logo\n<\/p>\n<p><span class=\"wpcf7-form-control-wrap\" data-name=\"file-149\"><input size=\"40\" class=\"wpcf7-form-control wpcf7-file\" accept=\"audio\/*,video\/*,image\/*\" aria-invalid=\"false\" type=\"file\" name=\"file-149\" \/><\/span>\n<\/p>\n<p><input class=\"wpcf7-form-control wpcf7-submit has-spinner\" type=\"submit\" value=\"Odosla\u0165 prihl\u00e1\u0161ku\" \/>\n<\/p><p style=\"display: none !important;\" class=\"akismet-fields-container\" data-prefix=\"_wpcf7_ak_\"><label>&#916;<textarea name=\"_wpcf7_ak_hp_textarea\" cols=\"45\" rows=\"8\" maxlength=\"100\"><\/textarea><\/label><input type=\"hidden\" id=\"ak_js_2\" name=\"_wpcf7_ak_js\" value=\"194\"\/><script type=\"text\/javascript\">\n\/* <![CDATA[ *\/\ndocument.getElementById( \"ak_js_2\" ).setAttribute( \"value\", ( new Date() ).getTime() );\n\/* ]]> *\/\n<\/script>\n<\/p><div class=\"wpcf7-response-output\" aria-hidden=\"true\"><\/div>\n<\/form>\n<\/div>\n<\/p>\n","protected":false},"author":1,"featured_media":0,"parent":0,"menu_order":1,"comment_status":"closed","ping_status":"closed","template":"","meta":{"_et_pb_use_builder":"on","_et_pb_old_content":"","_et_gb_content_width":"","footnotes":""},"class_list":["post-47","page","type-page","status-publish","hentry"],"_links":{"self":[{"href":"https:\/\/zvks.sk\/en\/wp-json\/wp\/v2\/pages\/47","targetHints":{"allow":["GET"]}}],"collection":[{"href":"https:\/\/zvks.sk\/en\/wp-json\/wp\/v2\/pages"}],"about":[{"href":"https:\/\/zvks.sk\/en\/wp-json\/wp\/v2\/types\/page"}],"author":[{"embeddable":true,"href":"https:\/\/zvks.sk\/en\/wp-json\/wp\/v2\/users\/1"}],"replies":[{"embeddable":true,"href":"https:\/\/zvks.sk\/en\/wp-json\/wp\/v2\/comments?post=47"}],"version-history":[{"count":33,"href":"https:\/\/zvks.sk\/en\/wp-json\/wp\/v2\/pages\/47\/revisions"}],"predecessor-version":[{"id":14517,"href":"https:\/\/zvks.sk\/en\/wp-json\/wp\/v2\/pages\/47\/revisions\/14517"}],"wp:attachment":[{"href":"https:\/\/zvks.sk\/en\/wp-json\/wp\/v2\/media?parent=47"}],"curies":[{"name":"wp","href":"https:\/\/api.w.org\/{rel}","templated":true}]}}