{"id":943,"date":"2017-11-02T15:47:48","date_gmt":"2017-11-02T15:47:48","guid":{"rendered":"https:\/\/zvks.sk\/?page_id=943"},"modified":"2026-04-10T12:10:59","modified_gmt":"2026-04-10T10:10:59","slug":"eticky-kodex","status":"publish","type":"page","link":"https:\/\/zvks.sk\/en\/o_nas\/zvks\/eticky-kodex\/","title":{"rendered":"Etick\u00fd k\u00f3dex"},"content":{"rendered":"<p>[et_pb_section fb_built=&#8220;1&#8243; admin_label=&#8220;section&#8220; _builder_version=&#8220;4.25.2&#8243; background_color=&#8220;#f7f7f7&#8243; global_colors_info=&#8220;{}&#8220;][et_pb_row admin_label=&#8220;row&#8220; _builder_version=&#8220;4.25.2&#8243; background_size=&#8220;initial&#8220; background_position=&#8220;top_left&#8220; background_repeat=&#8220;repeat&#8220; custom_margin=&#8220;||||false|false&#8220; global_colors_info=&#8220;{}&#8220;][et_pb_column type=&#8220;4_4&#8243; _builder_version=&#8220;4.16&#8243; custom_padding=&#8220;|||&#8220; global_colors_info=&#8220;{}&#8220; custom_padding__hover=&#8220;|||&#8220;][et_pb_text admin_label=&#8220;Text&#8220; _builder_version=&#8220;4.20.0&#8243; background_size=&#8220;initial&#8220; background_position=&#8220;top_left&#8220; background_repeat=&#8220;repeat&#8220; global_colors_info=&#8220;{}&#8220;]<\/p>\n<p style=\"text-align: center;\"><em><span style=\"color: #c10033;\">Preambula<\/span><\/em><\/p>\n<p style=\"text-align: justify;\"><span style=\"color: #c10033;\">Cie\u013eom Etick\u00e9ho k\u00f3dexu je zabezpe\u010di\u0165 pravidl\u00e1 spr\u00e1vania sa \u010dlenov ZVKS k sebe navz\u00e1jom, ale aj k ne\u010dlenom ZVKS, s ktor\u00fdmi s\u00fa v akomko\u013evek vz\u0165ahu a kontakte, najm\u00e4 obchodnom, dod\u00e1vate\u013eskom, partnerskom, ako aj vo vz\u0165ahu k verejnosti, verejn\u00fdm a \u0161t\u00e1tnym org\u00e1nom. Etick\u00fd k\u00f3dex ZVKS pon\u00faka normy spr\u00e1vania aj pre ostatn\u00fdch \u00fa\u010dastn\u00edkov kni\u017en\u00e9ho trhu, ne\u010dlenov ZVKS. Cie\u013eom Etick\u00e9ho k\u00f3dexu je aj prispieva\u0165 k vy\u0161\u0161ej profesionaliz\u00e1cii a kult\u00fare kni\u017en\u00e9ho trhu.<\/span><br \/><span style=\"color: #c10033;\"> Etick\u00fd k\u00f3dex vyjadruje slobodn\u00e9 rozhodnutie \u010dlenov kona\u0165 v s\u00falade s nasledovn\u00fdmi princ\u00edpmi.<\/span><\/p>\n<p style=\"text-align: center;\"><em><span style=\"color: #c10033;\">\u010cl\u00e1nok 1<\/span><\/em><\/p>\n<p style=\"text-align: justify;\"><span style=\"color: #c10033;\">\u010clenovia ZVKS sa re\u0161pektuj\u00fa navz\u00e1jom a konaj\u00fa v zmysle platn\u00fdch nariaden\u00ed a z\u00e1konov Slovenskej republiky. \u010clenovia ZVKS sa zav\u00e4zuj\u00fa, \u017ee sa bud\u00fa v r\u00e1mci svojich mo\u017enost\u00ed anga\u017eova\u0165 v ovplyv\u0148ovan\u00ed legislat\u00edvy a v\u0161etk\u00fdch \u010dinnostiach s\u00favisiacich s vylep\u0161en\u00edm podmienok na kni\u017enom trhu pre v\u0161etky jeho zlo\u017eky, dodr\u017eiava\u0165 v\u0161etky platn\u00e9 z\u00e1kony a bud\u00fa dodr\u017eiava\u0165 v\u0161eobecne uzn\u00e1van\u00e9 p\u00edsan\u00e9 aj nep\u00edsan\u00e9 \u0161tandardy spr\u00e1vania sa na kni\u017enom trhu. \u010clenovia ZVKS sa pri svojom konan\u00ed vyh\u00fdbaj\u00fa konfliktu z\u00e1ujmov, korup\u010dn\u00e9mu alebo inak nef\u00e9rov\u00e9mu spr\u00e1vaniu.<\/span><\/p>\n<p style=\"text-align: center;\"><em><span style=\"color: #c10033;\">\u010cl\u00e1nok 2<\/span><\/em><\/p>\n<p style=\"text-align: justify;\"><span style=\"color: #c10033;\">\u010clenovia ZVKS nebud\u00fa vedome poru\u0161ova\u0165 pr\u00e1va \u00fa\u010dastn\u00edkov kni\u017en\u00e9ho trhu, vr\u00e1tane autorsk\u00e9ho pr\u00e1va.<\/span><\/p>\n<p style=\"text-align: center;\"><em><span style=\"color: #c10033;\">\u010cl\u00e1nok 3<\/span><\/em><\/p>\n<p style=\"text-align: justify;\"><span style=\"color: #c10033;\">\u010clenovia ZVKS sa zav\u00e4zuj\u00fa \u0161\u00edri\u0165 dobr\u00e9 meno kni\u017en\u00e9ho trhu, ako aj ZVKS.\u00a0 \u010clenovia ZVKS konaj\u00fa v zmysle stanov a cie\u013eov zdru\u017eenia. Zdr\u017eiavaj\u00fa sa konania, ktor\u00e9 by mohlo \u0161kodi\u0165 ZVKS, ohrozi\u0165 jeho \u010dinnos\u0165, ako aj dobr\u00e9 meno ZVKS. \u010clen ZVKS si je vedom\u00fd svojej pr\u00edslu\u0161nosti k profesion\u00e1lnemu kni\u017en\u00e9mu celku, ktor\u00fd podporuje a\u00a0rozv\u00edja, re\u0161pektuje svojich kolegov a\u00a0spolupracuje s\u00a0nimi na b\u00e1ze obojstrannej v\u00fdhodnosti.<\/span><\/p>\n<p style=\"text-align: center;\"><em><span style=\"color: #c10033;\">\u010cl\u00e1nok 4<\/span><\/em><\/p>\n<p style=\"text-align: justify;\"><span style=\"color: #c10033;\">\u010clenovia ZVKS sa zav\u00e4zuj\u00fa, \u017ee svojou \u010dinnos\u0165ou nebud\u00fa podporova\u0165 podnecovanie nen\u00e1visti zalo\u017eenej na rase, sveton\u00e1zore, n\u00e1bo\u017eenskom vyznan\u00ed, etnickom p\u00f4vode, soci\u00e1lnom postaven\u00ed, pohlav\u00ed a\u00a0sexu\u00e1lnej orient\u00e1cie.<\/span><\/p>\n<p style=\"text-align: center;\"><em><span style=\"color: #c10033;\">\u010cl\u00e1nok 5<\/span><\/em><\/p>\n<p style=\"text-align: justify;\"><span style=\"color: #c10033;\">\u010clenovia ZVKS sa zav\u00e4zuj\u00fa dodr\u017eiava\u0165 uzavret\u00e9 podmienky obchodn\u00fdch vz\u0165ahov. Ich neplnenie v\u00a0obdob\u00ed presahuj\u00facom 6 mesiacov sa pova\u017euje za v\u00e1\u017ene poru\u0161enie tohto K\u00f3dexu.<\/span><\/p>\n<p style=\"text-align: center;\"><em><span style=\"color: #c10033;\">\u010cl\u00e1nok 6<\/span><\/em><\/p>\n<p style=\"text-align: justify;\"><span style=\"color: #c10033;\">V\u00a0pr\u00edpade, \u017ee d\u00f4jde k poru\u0161eniu Etick\u00e9ho k\u00f3dexu zo strany \u010dlena ZVKS, Predsedn\u00edctvo m\u00f4\u017ee rozhodn\u00fa\u0165 o\u00a0zverejnen\u00ed tejto inform\u00e1cie pre v\u0161etk\u00fdch ostatn\u00fdch \u010dlenov.<\/span><\/p>\n<p style=\"text-align: center;\"><em><span style=\"color: #c10033;\">\u010cl\u00e1nok 7<\/span><\/em><\/p>\n<p style=\"text-align: justify;\"><span style=\"color: #c10033;\">Konanie v rozpore s t\u00fdmto Etick\u00fdm k\u00f3dexom m\u00f4\u017ee by\u0165 pod\u013ea platn\u00fdch Stanov d\u00f4vodom na zru\u0161enie \u010dlenstva v ZVKS. O\u00a0zru\u0161en\u00ed rozhoduje Predsedn\u00edctvo ZVKS.<\/span><\/p>\n<p style=\"text-align: center;\"><em><span style=\"color: #c10033;\">\u010cl\u00e1nok 8<\/span><\/em><\/p>\n<p style=\"text-align: justify;\"><span style=\"color: #c10033;\">Zmeny a doplnky Etick\u00e9ho k\u00f3dexu prij\u00edma Valn\u00e9 zhroma\u017edenie. Vo v\u00fdnimo\u010dn\u00fdch pr\u00edpadoch tak m\u00f4\u017ee urobi\u0165 aj Predsedn\u00edctvo, tak\u00e9to zmeny mus\u00ed schv\u00e1li\u0165 najbli\u017e\u0161ie riadne Valn\u00e9 zhroma\u017edenie, inak str\u00e1caj\u00fa svoju platnos\u0165 a \u00fa\u010dinnos\u0165.<\/span><\/p>\n<p style=\"text-align: center;\"><em><span style=\"color: #c10033;\">\u010cl\u00e1nok 9<\/span><\/em><\/p>\n<p style=\"text-align: center;\"><span style=\"color: #c10033;\">Prijat\u00e9 Valn\u00fdm zhroma\u017eden\u00edm 14. j\u00fana 2019<\/span><\/p>\n<p>[\/et_pb_text][\/et_pb_column][\/et_pb_row][\/et_pb_section]<\/p>\n","protected":false},"excerpt":{"rendered":"<p>Preambula Cie\u013eom Etick\u00e9ho k\u00f3dexu je zabezpe\u010di\u0165 pravidl\u00e1 spr\u00e1vania sa \u010dlenov ZVKS k sebe navz\u00e1jom, ale aj k ne\u010dlenom ZVKS, s ktor\u00fdmi s\u00fa v akomko\u013evek vz\u0165ahu a kontakte, najm\u00e4 obchodnom, dod\u00e1vate\u013eskom, partnerskom, ako aj vo vz\u0165ahu k verejnosti, verejn\u00fdm a \u0161t\u00e1tnym org\u00e1nom. Etick\u00fd k\u00f3dex ZVKS pon\u00faka normy spr\u00e1vania aj pre ostatn\u00fdch \u00fa\u010dastn\u00edkov kni\u017en\u00e9ho trhu, ne\u010dlenov ZVKS. [&hellip;]<\/p>\n","protected":false},"author":1,"featured_media":0,"parent":13139,"menu_order":5,"comment_status":"closed","ping_status":"closed","template":"","meta":{"_et_pb_use_builder":"on","_et_pb_old_content":"<p style=\"text-align: center\"><strong>Preambula<\/strong><\/p>\r\n<p style=\"text-align: left\">Cie\u013eom Etick\u00e9ho k\u00f3dexu je zabezpe\u010di\u0165 pravidl\u00e1 spr\u00e1vania sa \u010dlenov ZVKS k sebe navz\u00e1jom, ale aj k ne\u010dlenom ZVKS, s ktor\u00fdmi s\u00fa v akomko\u013evek vz\u0165ahu a kontakte, najm\u00e4 obchodnom, dod\u00e1vate\u013eskom, partnerskom, ako aj vo vz\u0165ahu k verejnosti, verejn\u00fdm a \u0161t\u00e1tnym org\u00e1nom. Etick\u00fd k\u00f3dex ZVKS pon\u00faka normy spr\u00e1vania aj pre ostatn\u00fdch \u00fa\u010dastn\u00edkov kni\u017en\u00e9ho trhu, ne\u010dlenov ZVKS. Cie\u013eom Etick\u00e9ho k\u00f3dexu je aj prispieva\u0165 k vy\u0161\u0161ej profesionaliz\u00e1cii a kult\u00fare kni\u017en\u00e9ho trhu.\r\nEtick\u00fd k\u00f3dex vyjadruje slobodn\u00e9 rozhodnutie \u010dlenov kona\u0165 v s\u00falade s nasledovn\u00fdmi princ\u00edpmi.<\/p>\r\n<p style=\"text-align: center\">\u010cl\u00e1nok<strong> 1<\/strong><\/p>\r\n<p style=\"text-align: left\">\u010clenovia ZVKS sa re\u0161pektuj\u00fa navz\u00e1jom a konaj\u00fa v zmysle platn\u00fdch nariaden\u00ed a z\u00e1konov Slovenskej republiky. \u010clenovia ZVKS sa zav\u00e4zuj\u00fa, \u017ee sa bud\u00fa v r\u00e1mci svojich mo\u017enost\u00ed anga\u017eova\u0165 v ovplyv\u0148ovan\u00ed legislat\u00edvy a v\u0161etk\u00fdch \u010dinnostiach s\u00favisiacich s vylep\u0161en\u00edm podmienok na kni\u017enom trhu pre v\u0161etky jeho zlo\u017eky, dodr\u017eiava\u0165 v\u0161etky platn\u00e9 z\u00e1kony a bud\u00fa dodr\u017eiava\u0165 v\u0161eobecne uzn\u00e1van\u00e9 p\u00edsan\u00e9 aj nep\u00edsan\u00e9 \u0161tandardy spr\u00e1vania sa na kni\u017enom trhu. \u010clenovia ZVKS sa pri svojom konan\u00ed vyh\u00fdbaj\u00fa konfliktu z\u00e1ujmov, korup\u010dn\u00e9mu alebo inak nef\u00e9rov\u00e9mu spr\u00e1vaniu.<\/p>\r\n<p style=\"text-align: center\">\u010cl\u00e1nok <strong>2<\/strong><\/p>\r\n\u010clenovia ZVKS nebud\u00fa vedome poru\u0161ova\u0165 pr\u00e1va \u00fa\u010dastn\u00edkov kni\u017en\u00e9ho trhu, vr\u00e1tane autorsk\u00e9ho pr\u00e1va.\r\n<p style=\"text-align: center\">\u010cl\u00e1nok <strong>3<\/strong><\/p>\r\n\u010clenovia ZVKS sa zav\u00e4zuj\u00fa \u0161\u00edri\u0165 dobr\u00e9 meno kni\u017en\u00e9ho trhu, ako aj ZVKS.\u00a0 \u010clenovia ZVKS konaj\u00fa v zmysle stanov a cie\u013eov zdru\u017eenia. Zdr\u017eiavaj\u00fa sa konania, ktor\u00e9 by mohlo \u0161kodi\u0165 ZVKS, ohrozi\u0165 jeho \u010dinnos\u0165, ako aj dobr\u00e9 meno ZVKS. \u010clen ZVKS si je vedom\u00fd svojej pr\u00edslu\u0161nosti k profesion\u00e1lnemu kni\u017en\u00e9mu celku, ktor\u00fd podporuje a\u00a0rozv\u00edja, re\u0161pektuje svojich kolegov a\u00a0spolupracuje s\u00a0nimi na b\u00e1ze obojstrannej v\u00fdhodnosti.\r\n<p style=\"text-align: center\">\u010cl\u00e1nok <strong>4<\/strong><\/p>\r\n\u010clenovia ZVKS sa zav\u00e4zuj\u00fa, \u017ee svojou \u010dinnos\u0165ou nebud\u00fa podporova\u0165 podnecovanie nen\u00e1visti zalo\u017eenej na rase, sveton\u00e1zore, n\u00e1bo\u017eenskom vyznan\u00ed, etnickom p\u00f4vode, soci\u00e1lnom postaven\u00ed, pohlav\u00ed a\u00a0sexu\u00e1lnej orient\u00e1cie.\r\n<p style=\"text-align: center\">\u010cl\u00e1nok <strong>5<\/strong><\/p>\r\n\u010clenovia ZVKS sa zav\u00e4zuj\u00fa dodr\u017eiava\u0165 uzavret\u00e9 podmienky obchodn\u00fdch vz\u0165ahov. Ich neplnenie v\u00a0obdob\u00ed presahuj\u00facom 6 mesiacov sa pova\u017euje za v\u00e1\u017ene poru\u0161enie tohto K\u00f3dexu.\r\n<p style=\"text-align: center\">\u010cl\u00e1nok <strong>6<\/strong><\/p>\r\nV\u00a0pr\u00edpade, \u017ee d\u00f4jde k poru\u0161eniu Etick\u00e9ho k\u00f3dexu zo strany \u010dlena ZVKS, Predsedn\u00edctvo m\u00f4\u017ee rozhodn\u00fa\u0165 o\u00a0zverejnen\u00ed tejto inform\u00e1cie pre v\u0161etk\u00fdch ostatn\u00fdch \u010dlenov.\r\n<p style=\"text-align: center\">\u010cl\u00e1nok <strong>7<\/strong><\/p>\r\nKonanie v rozpore s t\u00fdmto Etick\u00fdm k\u00f3dexom m\u00f4\u017ee by\u0165 pod\u013ea platn\u00fdch Stanov d\u00f4vodom na zru\u0161enie \u010dlenstva v ZVKS. O\u00a0zru\u0161en\u00ed \u010dlenstva rozhoduje Predsedn\u00edctvo ZVKS.\r\n<p style=\"text-align: center\">\u010cl\u00e1nok <strong>8<\/strong><\/p>\r\nZmeny a doplnky Etick\u00e9ho k\u00f3dexu prij\u00edma Valn\u00e9 zhroma\u017edenie. Vo v\u00fdnimo\u010dn\u00fdch pr\u00edpadoch tak m\u00f4\u017ee urobi\u0165 aj Predsedn\u00edctvo, tak\u00e9to zmeny mus\u00ed schv\u00e1li\u0165 najbli\u017e\u0161ie riadne Valn\u00e9 zhroma\u017edenie, inak str\u00e1caj\u00fa svoju platnos\u0165 a \u00fa\u010dinnos\u0165.\r\n<p style=\"text-align: center\">\u010cl\u00e1nok <strong>9<\/strong><\/p>\r\n<p style=\"text-align: center\">Prijat\u00e9 Valn\u00fdm zhroma\u017eden\u00edm 14. j\u00fana 2019<\/p>","_et_gb_content_width":"","footnotes":""},"class_list":["post-943","page","type-page","status-publish","hentry"],"_links":{"self":[{"href":"https:\/\/zvks.sk\/en\/wp-json\/wp\/v2\/pages\/943","targetHints":{"allow":["GET"]}}],"collection":[{"href":"https:\/\/zvks.sk\/en\/wp-json\/wp\/v2\/pages"}],"about":[{"href":"https:\/\/zvks.sk\/en\/wp-json\/wp\/v2\/types\/page"}],"author":[{"embeddable":true,"href":"https:\/\/zvks.sk\/en\/wp-json\/wp\/v2\/users\/1"}],"replies":[{"embeddable":true,"href":"https:\/\/zvks.sk\/en\/wp-json\/wp\/v2\/comments?post=943"}],"version-history":[{"count":15,"href":"https:\/\/zvks.sk\/en\/wp-json\/wp\/v2\/pages\/943\/revisions"}],"predecessor-version":[{"id":12893,"href":"https:\/\/zvks.sk\/en\/wp-json\/wp\/v2\/pages\/943\/revisions\/12893"}],"up":[{"embeddable":true,"href":"https:\/\/zvks.sk\/en\/wp-json\/wp\/v2\/pages\/13139"}],"wp:attachment":[{"href":"https:\/\/zvks.sk\/en\/wp-json\/wp\/v2\/media?parent=943"}],"curies":[{"name":"wp","href":"https:\/\/api.w.org\/{rel}","templated":true}]}}